{"id":15806,"date":"2023-10-29T00:18:02","date_gmt":"2023-10-29T00:18:02","guid":{"rendered":"https:\/\/prsheds.com\/?post_type=product&#038;p=15806"},"modified":"2026-04-01T15:43:31","modified_gmt":"2026-04-01T15:43:31","slug":"kingcenter-metal-garden-storage-6-x-4","status":"publish","type":"product","link":"https:\/\/prsheds.com\/en\/product\/kingcenter-metal-garden-storage-6-x-4\/","title":{"rendered":"Casita de Patio Kingcenter-Metal &#8211; 6 X 4 Modelo Apex"},"content":{"rendered":"<h1><img data-recalc-dims=\"1\" fetchpriority=\"high\" decoding=\"async\" class=\"alignnone wp-image-15857 size-full\" src=\"https:\/\/i0.wp.com\/prsheds.com\/wp-content\/uploads\/2016\/05\/KINGCENTER-METAL-GARDEN-STORAGE.jpg?resize=1920%2C1080&ssl=1\" alt=\"\" width=\"1920\" height=\"1080\" srcset=\"https:\/\/i0.wp.com\/prsheds.com\/wp-content\/uploads\/2016\/05\/KINGCENTER-METAL-GARDEN-STORAGE.jpg?w=1920&ssl=1 1920w, https:\/\/i0.wp.com\/prsheds.com\/wp-content\/uploads\/2016\/05\/KINGCENTER-METAL-GARDEN-STORAGE.jpg?resize=600%2C338&ssl=1 600w, https:\/\/i0.wp.com\/prsheds.com\/wp-content\/uploads\/2016\/05\/KINGCENTER-METAL-GARDEN-STORAGE.jpg?resize=300%2C169&ssl=1 300w, https:\/\/i0.wp.com\/prsheds.com\/wp-content\/uploads\/2016\/05\/KINGCENTER-METAL-GARDEN-STORAGE.jpg?resize=1024%2C576&ssl=1 1024w, https:\/\/i0.wp.com\/prsheds.com\/wp-content\/uploads\/2016\/05\/KINGCENTER-METAL-GARDEN-STORAGE.jpg?resize=768%2C432&ssl=1 768w, https:\/\/i0.wp.com\/prsheds.com\/wp-content\/uploads\/2016\/05\/KINGCENTER-METAL-GARDEN-STORAGE.jpg?resize=1536%2C864&ssl=1 1536w, https:\/\/i0.wp.com\/prsheds.com\/wp-content\/uploads\/2016\/05\/KINGCENTER-METAL-GARDEN-STORAGE.jpg?resize=18%2C10&ssl=1 18w, https:\/\/i0.wp.com\/prsheds.com\/wp-content\/uploads\/2016\/05\/KINGCENTER-METAL-GARDEN-STORAGE.jpg?resize=750%2C422&ssl=1 750w, https:\/\/i0.wp.com\/prsheds.com\/wp-content\/uploads\/2016\/05\/KINGCENTER-METAL-GARDEN-STORAGE.jpg?resize=540%2C304&ssl=1 540w, https:\/\/i0.wp.com\/prsheds.com\/wp-content\/uploads\/2016\/05\/KINGCENTER-METAL-GARDEN-STORAGE.jpg?resize=100%2C56&ssl=1 100w\" sizes=\"(max-width: 1000px) 100vw, 1000px\" \/><\/h1>\n<h1>Casita de Patio Kingcenter Metal \u2013 6 X 4 Mod Apex<\/h1>\n<p><strong>6 X 4 METAl | MODELO APEX<\/strong><\/p>\n<ul>\n<li><strong>Precio $499.00 \u2013 Oferta 30% = $349.30<\/strong><\/li>\n<li><strong><strong>Entrega disponible a toda la isla excepto Vieques y Culebra.<\/strong><\/strong><\/li>\n<li><strong>En o antes de 24 horas nos comunicaremos para coordinar fecha de entrega.<\/strong><strong>\u00a0<\/strong><\/li>\n<li><strong>Material: metal galvanizado.<\/strong><\/li>\n<li><strong>Door type: Single door\u00a0<\/strong><\/li>\n<li><strong>Lockable: Yes<\/strong><\/li>\n<li><strong>Features: easy installation, environmental<\/strong><\/li>\n<li><strong>Protection, strong practicality<\/strong><\/li>\n<li><strong>Weather resistance: Yes<\/strong><\/li>\n<li><strong>Base kit: built-in<\/strong><\/li>\n<li><strong>6\u00d74<\/strong><\/li>\n<\/ul>\n<p>\u00a0<\/p>\n<p><strong>Precio instalado sobre piso existente $859.00 \u2013 Oferta 30% en precio de la casita m\u00e1s la instalaci\u00f3n = $709.30<br \/>\n<\/strong><\/p>\n<ul>\n<li><strong>Incluye: Entrega entrega a toda la isla* (Excepto Vieques y Culebra)<\/strong><\/li>\n<li><strong>In or before 24 hours we will contact you to coordinate a delivery date.<\/strong><\/li>\n<li><strong>Warehouse facility<\/strong><\/li>\n<li><strong>Debris collection<\/strong><\/li>\n<\/ul>\n<p><em><strong>Delivery price included throughout Puerto Rico (does not include Vieques or Culebra)<\/strong><\/em><\/p>\n<p>\u00a0<\/p>\n<p><img data-recalc-dims=\"1\" decoding=\"async\" class=\"alignnone wp-image-15841 size-full\" src=\"https:\/\/i0.wp.com\/prsheds.com\/wp-content\/uploads\/2023\/10\/PR-Sheds-Metal.jpg?resize=500%2C390&ssl=1\" alt=\"\" width=\"500\" height=\"390\" srcset=\"https:\/\/i0.wp.com\/prsheds.com\/wp-content\/uploads\/2023\/10\/PR-Sheds-Metal.jpg?w=500&ssl=1 500w, https:\/\/i0.wp.com\/prsheds.com\/wp-content\/uploads\/2023\/10\/PR-Sheds-Metal.jpg?resize=300%2C234&ssl=1 300w, https:\/\/i0.wp.com\/prsheds.com\/wp-content\/uploads\/2023\/10\/PR-Sheds-Metal.jpg?resize=15%2C12&ssl=1 15w, https:\/\/i0.wp.com\/prsheds.com\/wp-content\/uploads\/2023\/10\/PR-Sheds-Metal.jpg?resize=100%2C78&ssl=1 100w\" sizes=\"(max-width: 500px) 100vw, 500px\" \/><\/p>\n<p><img data-recalc-dims=\"1\" decoding=\"async\" class=\"alignnone wp-image-15900 size-large\" src=\"https:\/\/i0.wp.com\/prsheds.com\/wp-content\/uploads\/2023\/10\/medidas-metal-6-x4.jpg?resize=1024%2C1024&ssl=1\" alt=\"\" width=\"1024\" height=\"1024\" srcset=\"https:\/\/i0.wp.com\/prsheds.com\/wp-content\/uploads\/2023\/10\/medidas-metal-6-x4.jpg?resize=1024%2C1024&ssl=1 1024w, https:\/\/i0.wp.com\/prsheds.com\/wp-content\/uploads\/2023\/10\/medidas-metal-6-x4.jpg?resize=300%2C300&ssl=1 300w, https:\/\/i0.wp.com\/prsheds.com\/wp-content\/uploads\/2023\/10\/medidas-metal-6-x4.jpg?resize=100%2C100&ssl=1 100w, https:\/\/i0.wp.com\/prsheds.com\/wp-content\/uploads\/2023\/10\/medidas-metal-6-x4.jpg?resize=600%2C600&ssl=1 600w, https:\/\/i0.wp.com\/prsheds.com\/wp-content\/uploads\/2023\/10\/medidas-metal-6-x4.jpg?resize=150%2C150&ssl=1 150w, https:\/\/i0.wp.com\/prsheds.com\/wp-content\/uploads\/2023\/10\/medidas-metal-6-x4.jpg?resize=768%2C768&ssl=1 768w, https:\/\/i0.wp.com\/prsheds.com\/wp-content\/uploads\/2023\/10\/medidas-metal-6-x4.jpg?resize=1536%2C1536&ssl=1 1536w, https:\/\/i0.wp.com\/prsheds.com\/wp-content\/uploads\/2023\/10\/medidas-metal-6-x4.jpg?resize=12%2C12&ssl=1 12w, https:\/\/i0.wp.com\/prsheds.com\/wp-content\/uploads\/2023\/10\/medidas-metal-6-x4.jpg?resize=750%2C750&ssl=1 750w, https:\/\/i0.wp.com\/prsheds.com\/wp-content\/uploads\/2023\/10\/medidas-metal-6-x4.jpg?resize=540%2C540&ssl=1 540w, https:\/\/i0.wp.com\/prsheds.com\/wp-content\/uploads\/2023\/10\/medidas-metal-6-x4.jpg?resize=205%2C205&ssl=1 205w, https:\/\/i0.wp.com\/prsheds.com\/wp-content\/uploads\/2023\/10\/medidas-metal-6-x4.jpg?resize=420%2C420&ssl=1 420w, https:\/\/i0.wp.com\/prsheds.com\/wp-content\/uploads\/2023\/10\/medidas-metal-6-x4.jpg?w=1920&ssl=1 1920w\" sizes=\"(max-width: 1000px) 100vw, 1000px\" \/><\/p>\n<ul>\n<li><strong>Key points<\/strong><\/li>\n<li><strong>Modern and fashionable design style;<\/strong><\/li>\n<li><strong>Strong weather resistance, anti-ultraviolet, waterproof, no fading,<\/strong><\/li>\n<li><strong>Antioxidante, f\u00e1cil de limpiar y de bajo mantenimiento;<\/strong><\/li>\n<li><strong>It is made of high quality materials such as galvanized steel, colored steel tiles,<\/strong><\/li>\n<li><strong>Stainless steel screws and hinges. Key parts are reinforced with galvanized steel structure;<\/strong><\/li>\n<li><strong>The stainless steel door handle can be padlocked to ensure safety;<\/strong><\/li>\n<li><strong>A plurality of ventilation holes accelerate gas exchange between inside and outside;<\/strong><\/li>\n<li><strong>It can be easily assembled with simple tools.<\/strong><\/li>\n<li><strong>Medidas 74.01 x 46.85 x 75.59 pulgadas<\/strong><\/li>\n<li><strong>Color Beige<\/strong><\/li>\n<li><strong>Modern and fashionable design style;<\/strong><\/li>\n<li><strong>Strong weather resistance, anti-ultraviolet, waterproof, no fading,<\/strong><\/li>\n<li><strong>anti-rust, easy to clean and low maintenance<\/strong><\/li>\n<li><strong>Galvanized steel material<\/strong><\/li>\n<li><strong>The base and interior reinforcement of the booths are made of galvanized steel. High strength and durable corrosion resistance.<\/strong><\/li>\n<li><strong>Sostenibilidad y Ecolog\u00eda: Es parte de nuestra filosof\u00eda. Mientras nos esforzamos por alegrar sus jardines con dise\u00f1os inteligentes y elegantes y comodidades confortables, trabajamos para proteger el hogar de la humanidad al salvaguardar nuestro mundo natural.<\/strong><\/li>\n<li><strong>Environmentally friendly recyclable materials.<\/strong><\/li>\n<li><strong>Production and efficiency technologies for energy savings.<\/strong><\/li>\n<li><strong>Color disponible: Beige<\/strong><\/li>\n<li><strong>High quality colored steel tiles.<\/strong><\/li>\n<li><strong>Cold rolling and bending of 0.25~0.35mm color steel coil material.<\/strong><br \/>\n<strong>Our products are weather resistant, lightweight and have a greater load capacity.<\/strong><\/li>\n<li><strong>Fade protection, antioxidant, water and UV resistant.<\/strong><\/li>\n<li><strong>Alta calidad de acero se forma un tipo de mosaico \u00fanico mediante laminado y doblado en fr\u00edo de material de bobina de acero de color de 0,25 ~ 0,35 mm.<\/strong><\/li>\n<li><strong>The base and interior reinforcement of the booths are made of galvanized steel. High strength and durable corrosion resistance.<\/strong><\/li>\n<li><strong>Estilo de dise\u00f1o moderno y de moda<\/strong><\/li>\n<\/ul>","protected":false},"excerpt":{"rendered":"<p>Casita de Patio Kingcenter Metal \u2013 6 X 4 Mod Apex 6 X 4 METAl | MODELO APEX Precio $499.00 \u2013 Oferta 30% = $349.30 Entrega disponible a toda la isla excepto Vieques y Culebra. En o antes de 24 horas nos comunicaremos para coordinar fecha de entrega.\u00a0 Material: metal galvanizado. Tipo de puerta: Puerta [&hellip;]<\/p>\n","protected":false},"featured_media":15857,"comment_status":"closed","ping_status":"closed","template":"","meta":{"_coblocks_attr":"","_coblocks_dimensions":"","_coblocks_responsive_height":"","_coblocks_accordion_ie_support":"","rs_blank_template":"","rs_page_bg_color":"","slide_template_v7":"","_themeisle_gutenberg_block_has_review":false},"product_brand":[],"product_cat":[149],"product_tag":[154],"class_list":{"0":"post-15806","1":"product","2":"type-product","3":"status-publish","4":"has-post-thumbnail","6":"product_cat-sheds","7":"product_tag-kingcenter-metal-garden-storage-6-x-4","9":"first","10":"instock","11":"sale","12":"taxable","13":"shipping-taxable","14":"purchasable","15":"product-type-variable"},"yoast_head":"<!-- This site is optimized with the Yoast SEO plugin v27.5 - https:\/\/yoast.com\/product\/yoast-seo-wordpress\/ -->\n<title>Casita de Patio Kingcenter-Metal - 6 X 4 Modelo Apex - prsheds.com<\/title>\n<meta name=\"robots\" content=\"index, follow, max-snippet:-1, max-image-preview:large, max-video-preview:-1\" \/>\n<link rel=\"canonical\" href=\"https:\/\/prsheds.com\/en\/product\/kingcenter-metal-garden-storage-6-x-4\/\" \/>\n<meta property=\"og:locale\" content=\"en_US\" \/>\n<meta property=\"og:type\" content=\"article\" \/>\n<meta property=\"og:title\" content=\"Casita de Patio Kingcenter-Metal - 6 X 4 Modelo Apex - prsheds.com\" \/>\n<meta property=\"og:description\" content=\"Casita de Patio Kingcenter Metal \u2013 6 X 4 Mod Apex 6 X 4 METAl | MODELO APEX Precio $499.00 \u2013 Oferta 30% = $349.30 Entrega disponible a toda la isla excepto Vieques y Culebra. En o antes de 24 horas nos comunicaremos para coordinar fecha de entrega.\u00a0 Material: metal galvanizado. Tipo de puerta: Puerta [&hellip;]\" \/>\n<meta property=\"og:url\" content=\"https:\/\/prsheds.com\/en\/product\/kingcenter-metal-garden-storage-6-x-4\/\" \/>\n<meta property=\"og:site_name\" content=\"prsheds.com\" \/>\n<meta property=\"article:modified_time\" content=\"2026-04-01T15:43:31+00:00\" \/>\n<meta property=\"og:image\" content=\"https:\/\/prsheds.com\/wp-content\/uploads\/2016\/05\/KINGCENTER-METAL-GARDEN-STORAGE.jpg\" \/>\n\t<meta property=\"og:image:width\" content=\"1920\" \/>\n\t<meta property=\"og:image:height\" content=\"1080\" \/>\n\t<meta property=\"og:image:type\" content=\"image\/jpeg\" \/>\n<meta name=\"twitter:card\" content=\"summary_large_image\" \/>\n<meta name=\"twitter:label1\" content=\"Est. reading time\" \/>\n\t<meta name=\"twitter:data1\" content=\"3 minutes\" \/>\n<script type=\"application\/ld+json\" class=\"yoast-schema-graph\">{\"@context\":\"https:\\\/\\\/schema.org\",\"@graph\":[{\"@type\":\"WebPage\",\"@id\":\"https:\\\/\\\/prsheds.com\\\/product\\\/kingcenter-metal-garden-storage-6-x-4\\\/\",\"url\":\"https:\\\/\\\/prsheds.com\\\/product\\\/kingcenter-metal-garden-storage-6-x-4\\\/\",\"name\":\"Casita de Patio Kingcenter-Metal - 6 X 4 Modelo Apex - prsheds.com\",\"isPartOf\":{\"@id\":\"https:\\\/\\\/prsheds.com\\\/#website\"},\"primaryImageOfPage\":{\"@id\":\"https:\\\/\\\/prsheds.com\\\/product\\\/kingcenter-metal-garden-storage-6-x-4\\\/#primaryimage\"},\"image\":{\"@id\":\"https:\\\/\\\/prsheds.com\\\/product\\\/kingcenter-metal-garden-storage-6-x-4\\\/#primaryimage\"},\"thumbnailUrl\":\"https:\\\/\\\/prsheds.com\\\/wp-content\\\/uploads\\\/2016\\\/05\\\/KINGCENTER-METAL-GARDEN-STORAGE.jpg\",\"datePublished\":\"2023-10-29T00:18:02+00:00\",\"dateModified\":\"2026-04-01T15:43:31+00:00\",\"breadcrumb\":{\"@id\":\"https:\\\/\\\/prsheds.com\\\/product\\\/kingcenter-metal-garden-storage-6-x-4\\\/#breadcrumb\"},\"inLanguage\":\"en-US\",\"potentialAction\":[{\"@type\":\"ReadAction\",\"target\":[\"https:\\\/\\\/prsheds.com\\\/product\\\/kingcenter-metal-garden-storage-6-x-4\\\/\"]}]},{\"@type\":\"ImageObject\",\"inLanguage\":\"en-US\",\"@id\":\"https:\\\/\\\/prsheds.com\\\/product\\\/kingcenter-metal-garden-storage-6-x-4\\\/#primaryimage\",\"url\":\"https:\\\/\\\/prsheds.com\\\/wp-content\\\/uploads\\\/2016\\\/05\\\/KINGCENTER-METAL-GARDEN-STORAGE.jpg\",\"contentUrl\":\"https:\\\/\\\/prsheds.com\\\/wp-content\\\/uploads\\\/2016\\\/05\\\/KINGCENTER-METAL-GARDEN-STORAGE.jpg\",\"width\":1920,\"height\":1080},{\"@type\":\"BreadcrumbList\",\"@id\":\"https:\\\/\\\/prsheds.com\\\/product\\\/kingcenter-metal-garden-storage-6-x-4\\\/#breadcrumb\",\"itemListElement\":[{\"@type\":\"ListItem\",\"position\":1,\"name\":\"Home\",\"item\":\"https:\\\/\\\/prsheds.com\\\/\"},{\"@type\":\"ListItem\",\"position\":2,\"name\":\"Shop\",\"item\":\"https:\\\/\\\/prsheds.com\\\/shop\\\/\"},{\"@type\":\"ListItem\",\"position\":3,\"name\":\"Casita de Patio Kingcenter-Metal &#8211; 6 X 4 Modelo Apex\"}]},{\"@type\":\"WebSite\",\"@id\":\"https:\\\/\\\/prsheds.com\\\/#website\",\"url\":\"https:\\\/\\\/prsheds.com\\\/\",\"name\":\"prsheds.com\",\"description\":\"prsheds.com\",\"potentialAction\":[{\"@type\":\"SearchAction\",\"target\":{\"@type\":\"EntryPoint\",\"urlTemplate\":\"https:\\\/\\\/prsheds.com\\\/?s={search_term_string}\"},\"query-input\":{\"@type\":\"PropertyValueSpecification\",\"valueRequired\":true,\"valueName\":\"search_term_string\"}}],\"inLanguage\":\"en-US\"}]}<\/script>\n<!-- \/ Yoast SEO plugin. -->","yoast_head_json":{"title":"Casita de Patio Kingcenter-Metal - 6 X 4 Modelo Apex - prsheds.com","robots":{"index":"index","follow":"follow","max-snippet":"max-snippet:-1","max-image-preview":"max-image-preview:large","max-video-preview":"max-video-preview:-1"},"canonical":"https:\/\/prsheds.com\/en\/product\/kingcenter-metal-garden-storage-6-x-4\/","og_locale":"en_US","og_type":"article","og_title":"Casita de Patio Kingcenter-Metal - 6 X 4 Modelo Apex - prsheds.com","og_description":"Casita de Patio Kingcenter Metal \u2013 6 X 4 Mod Apex 6 X 4 METAl | MODELO APEX Precio $499.00 \u2013 Oferta 30% = $349.30 Entrega disponible a toda la isla excepto Vieques y Culebra. En o antes de 24 horas nos comunicaremos para coordinar fecha de entrega.\u00a0 Material: metal galvanizado. Tipo de puerta: Puerta [&hellip;]","og_url":"https:\/\/prsheds.com\/en\/product\/kingcenter-metal-garden-storage-6-x-4\/","og_site_name":"prsheds.com","article_modified_time":"2026-04-01T15:43:31+00:00","og_image":[{"width":1920,"height":1080,"url":"https:\/\/prsheds.com\/wp-content\/uploads\/2016\/05\/KINGCENTER-METAL-GARDEN-STORAGE.jpg","type":"image\/jpeg"}],"twitter_card":"summary_large_image","twitter_misc":{"Est. reading time":"3 minutes"},"schema":{"@context":"https:\/\/schema.org","@graph":[{"@type":"WebPage","@id":"https:\/\/prsheds.com\/product\/kingcenter-metal-garden-storage-6-x-4\/","url":"https:\/\/prsheds.com\/product\/kingcenter-metal-garden-storage-6-x-4\/","name":"Casita de Patio Kingcenter-Metal - 6 X 4 Modelo Apex - prsheds.com","isPartOf":{"@id":"https:\/\/prsheds.com\/#website"},"primaryImageOfPage":{"@id":"https:\/\/prsheds.com\/product\/kingcenter-metal-garden-storage-6-x-4\/#primaryimage"},"image":{"@id":"https:\/\/prsheds.com\/product\/kingcenter-metal-garden-storage-6-x-4\/#primaryimage"},"thumbnailUrl":"https:\/\/prsheds.com\/wp-content\/uploads\/2016\/05\/KINGCENTER-METAL-GARDEN-STORAGE.jpg","datePublished":"2023-10-29T00:18:02+00:00","dateModified":"2026-04-01T15:43:31+00:00","breadcrumb":{"@id":"https:\/\/prsheds.com\/product\/kingcenter-metal-garden-storage-6-x-4\/#breadcrumb"},"inLanguage":"en-US","potentialAction":[{"@type":"ReadAction","target":["https:\/\/prsheds.com\/product\/kingcenter-metal-garden-storage-6-x-4\/"]}]},{"@type":"ImageObject","inLanguage":"en-US","@id":"https:\/\/prsheds.com\/product\/kingcenter-metal-garden-storage-6-x-4\/#primaryimage","url":"https:\/\/prsheds.com\/wp-content\/uploads\/2016\/05\/KINGCENTER-METAL-GARDEN-STORAGE.jpg","contentUrl":"https:\/\/prsheds.com\/wp-content\/uploads\/2016\/05\/KINGCENTER-METAL-GARDEN-STORAGE.jpg","width":1920,"height":1080},{"@type":"BreadcrumbList","@id":"https:\/\/prsheds.com\/product\/kingcenter-metal-garden-storage-6-x-4\/#breadcrumb","itemListElement":[{"@type":"ListItem","position":1,"name":"Home","item":"https:\/\/prsheds.com\/"},{"@type":"ListItem","position":2,"name":"Shop","item":"https:\/\/prsheds.com\/shop\/"},{"@type":"ListItem","position":3,"name":"Casita de Patio Kingcenter-Metal &#8211; 6 X 4 Modelo Apex"}]},{"@type":"WebSite","@id":"https:\/\/prsheds.com\/#website","url":"https:\/\/prsheds.com\/","name":"prsheds.com","description":"prsheds.com","potentialAction":[{"@type":"SearchAction","target":{"@type":"EntryPoint","urlTemplate":"https:\/\/prsheds.com\/?s={search_term_string}"},"query-input":{"@type":"PropertyValueSpecification","valueRequired":true,"valueName":"search_term_string"}}],"inLanguage":"en-US"}]}},"jetpack_sharing_enabled":true,"_links":{"self":[{"href":"https:\/\/prsheds.com\/en\/wp-json\/wp\/v2\/product\/15806","targetHints":{"allow":["GET"]}}],"collection":[{"href":"https:\/\/prsheds.com\/en\/wp-json\/wp\/v2\/product"}],"about":[{"href":"https:\/\/prsheds.com\/en\/wp-json\/wp\/v2\/types\/product"}],"replies":[{"embeddable":true,"href":"https:\/\/prsheds.com\/en\/wp-json\/wp\/v2\/comments?post=15806"}],"wp:featuredmedia":[{"embeddable":true,"href":"https:\/\/prsheds.com\/en\/wp-json\/wp\/v2\/media\/15857"}],"wp:attachment":[{"href":"https:\/\/prsheds.com\/en\/wp-json\/wp\/v2\/media?parent=15806"}],"wp:term":[{"taxonomy":"product_brand","embeddable":true,"href":"https:\/\/prsheds.com\/en\/wp-json\/wp\/v2\/product_brand?post=15806"},{"taxonomy":"product_cat","embeddable":true,"href":"https:\/\/prsheds.com\/en\/wp-json\/wp\/v2\/product_cat?post=15806"},{"taxonomy":"product_tag","embeddable":true,"href":"https:\/\/prsheds.com\/en\/wp-json\/wp\/v2\/product_tag?post=15806"}],"curies":[{"name":"wp","href":"https:\/\/api.w.org\/{rel}","templated":true}]}}