{"id":15749,"date":"2023-10-01T18:54:51","date_gmt":"2023-10-01T18:54:51","guid":{"rendered":"https:\/\/prsheds.com\/?post_type=product&#038;p=15749"},"modified":"2025-12-17T23:49:47","modified_gmt":"2025-12-17T23:49:47","slug":"casita-de-patio-kingcenter-6ft","status":"publish","type":"product","link":"https:\/\/prsheds.com\/en\/product\/casita-de-patio-kingcenter-6ft\/","title":{"rendered":"Casita de Patio Kingcenter Pl\u00e1stico &#8211; 6 x 6"},"content":{"rendered":"<h1><img data-recalc-dims=\"1\" fetchpriority=\"high\" decoding=\"async\" class=\"alignnone wp-image-15786 size-full\" src=\"https:\/\/i0.wp.com\/prsheds.com\/wp-content\/uploads\/2023\/10\/Kingcenter-shed-Gable-KSG-series-4ftREV_Page_02-e1699203118199.jpg?resize=1526%2C2530&ssl=1\" alt=\"\" width=\"1526\" height=\"2530\" srcset=\"https:\/\/i0.wp.com\/prsheds.com\/wp-content\/uploads\/2023\/10\/Kingcenter-shed-Gable-KSG-series-4ftREV_Page_02-e1699203118199.jpg?w=1526&ssl=1 1526w, https:\/\/i0.wp.com\/prsheds.com\/wp-content\/uploads\/2023\/10\/Kingcenter-shed-Gable-KSG-series-4ftREV_Page_02-e1699203118199.jpg?resize=600%2C995&ssl=1 600w, https:\/\/i0.wp.com\/prsheds.com\/wp-content\/uploads\/2023\/10\/Kingcenter-shed-Gable-KSG-series-4ftREV_Page_02-e1699203118199.jpg?resize=181%2C300&ssl=1 181w, https:\/\/i0.wp.com\/prsheds.com\/wp-content\/uploads\/2023\/10\/Kingcenter-shed-Gable-KSG-series-4ftREV_Page_02-e1699203118199.jpg?resize=618%2C1024&ssl=1 618w, https:\/\/i0.wp.com\/prsheds.com\/wp-content\/uploads\/2023\/10\/Kingcenter-shed-Gable-KSG-series-4ftREV_Page_02-e1699203118199.jpg?resize=768%2C1273&ssl=1 768w, https:\/\/i0.wp.com\/prsheds.com\/wp-content\/uploads\/2023\/10\/Kingcenter-shed-Gable-KSG-series-4ftREV_Page_02-e1699203118199.jpg?resize=926%2C1536&ssl=1 926w, https:\/\/i0.wp.com\/prsheds.com\/wp-content\/uploads\/2023\/10\/Kingcenter-shed-Gable-KSG-series-4ftREV_Page_02-e1699203118199.jpg?resize=1235%2C2048&ssl=1 1235w, https:\/\/i0.wp.com\/prsheds.com\/wp-content\/uploads\/2023\/10\/Kingcenter-shed-Gable-KSG-series-4ftREV_Page_02-e1699203118199.jpg?resize=750%2C1243&ssl=1 750w, https:\/\/i0.wp.com\/prsheds.com\/wp-content\/uploads\/2023\/10\/Kingcenter-shed-Gable-KSG-series-4ftREV_Page_02-e1699203118199.jpg?resize=540%2C895&ssl=1 540w, https:\/\/i0.wp.com\/prsheds.com\/wp-content\/uploads\/2023\/10\/Kingcenter-shed-Gable-KSG-series-4ftREV_Page_02-e1699203118199.jpg?resize=100%2C166&ssl=1 100w, https:\/\/i0.wp.com\/prsheds.com\/wp-content\/uploads\/2023\/10\/Kingcenter-shed-Gable-KSG-series-4ftREV_Page_02-e1699203118199.jpg?resize=7%2C12&ssl=1 7w\" sizes=\"(max-width: 1000px) 100vw, 1000px\" \/><\/h1>\n<p>\u00a0<\/p>\n<h1><\/h1>\n<h1>Casita de Patio Kingcenter Pl\u00e1stico \u2013 6 x 6<\/h1>\n<p><strong>MODELO 6 X 6 PL\u00c1STICO<\/strong><\/p>\n<ul>\n<li><strong>Precio $859.00 \u2013 Oferta 15% = $730.15- \u2013 Incluye l\u00e1mpara modelo bb optimal, candado,<br \/>\nentrega a toda la isla* (Excepto Vieques y Culebra)<\/strong><\/li>\n<li><strong>In or before 24 hours we will contact you to coordinate a delivery date.<\/strong><\/li>\n<\/ul>\n<p>\u00a0<\/p>\n<ul>\n<li><strong>Precio instalado sobre piso existente $1199.00 \u2013 Oferta 10% = $1079.10<br \/>\n<\/strong><\/li>\n<li><strong>In or before 24 hours we will contact you to coordinate a delivery date.<\/strong><\/li>\n<li><strong>6 pies ancho x 6 pies largo<\/strong><\/li>\n<li><strong>Entrega a toda la isla* (Excepto Vieques y Culebra)<\/strong><\/li>\n<li><strong>Warehouse facility<\/strong><\/li>\n<li><strong>Instalaci\u00f3n de l\u00e1mpara modelo bb optimal<\/strong><\/li>\n<li><strong>Incluye 1 candado<\/strong><\/li>\n<li><strong>Debris collection<\/strong><\/li>\n<\/ul>\n<p>\u00a0<\/p>\n\n\t\t<style type=\"text\/css\">\n\t\t\t#gallery-1 {\n\t\t\t\tmargin: auto;\n\t\t\t}\n\t\t\t#gallery-1 .gallery-item {\n\t\t\t\tfloat: left;\n\t\t\t\tmargin-top: 10px;\n\t\t\t\ttext-align: center;\n\t\t\t\twidth: 33%;\n\t\t\t}\n\t\t\t#gallery-1 img {\n\t\t\t\tborder: 2px solid #cfcfcf;\n\t\t\t}\n\t\t\t#gallery-1 .gallery-caption {\n\t\t\t\tmargin-left: 0;\n\t\t\t}\n\t\t\t\/* see gallery_shortcode() in wp-includes\/media.php *\/\n\t\t<\/style>\n\t\t<div id='gallery-1' class='gallery galleryid-15749 gallery-columns-3 gallery-size-full'><dl class='gallery-item'>\n\t\t\t<dt class='gallery-icon landscape'>\n\t\t\t\t<img data-recalc-dims=\"1\" decoding=\"async\" width=\"329\" height=\"290\" src=\"https:\/\/i0.wp.com\/prsheds.com\/wp-content\/uploads\/2016\/05\/PR-Sheds-KINCENTER-GABLE-SERIES_0004_Galvanized-steel-reinforcement.jpg?resize=329%2C290&ssl=1\" class=\"attachment-full size-full\" alt=\"\" aria-describedby=\"gallery-1-15835\" srcset=\"https:\/\/i0.wp.com\/prsheds.com\/wp-content\/uploads\/2016\/05\/PR-Sheds-KINCENTER-GABLE-SERIES_0004_Galvanized-steel-reinforcement.jpg?w=329&ssl=1 329w, https:\/\/i0.wp.com\/prsheds.com\/wp-content\/uploads\/2016\/05\/PR-Sheds-KINCENTER-GABLE-SERIES_0004_Galvanized-steel-reinforcement.jpg?resize=300%2C264&ssl=1 300w, https:\/\/i0.wp.com\/prsheds.com\/wp-content\/uploads\/2016\/05\/PR-Sheds-KINCENTER-GABLE-SERIES_0004_Galvanized-steel-reinforcement.jpg?resize=14%2C12&ssl=1 14w, https:\/\/i0.wp.com\/prsheds.com\/wp-content\/uploads\/2016\/05\/PR-Sheds-KINCENTER-GABLE-SERIES_0004_Galvanized-steel-reinforcement.jpg?resize=100%2C88&ssl=1 100w\" sizes=\"(max-width: 329px) 100vw, 329px\" \/>\n\t\t\t<\/dt>\n\t\t\t\t<dd class='wp-caption-text gallery-caption' id='gallery-1-15835'>\n\t\t\t\t\u2022\tRefuerzo de acero galvanizado\n\t\t\t\t<\/dd><\/dl><dl class='gallery-item'>\n\t\t\t<dt class='gallery-icon landscape'>\n\t\t\t\t<img data-recalc-dims=\"1\" decoding=\"async\" width=\"329\" height=\"290\" src=\"https:\/\/i0.wp.com\/prsheds.com\/wp-content\/uploads\/2016\/05\/PR-Sheds-KINCENTER-GABLE-SERIES_0003_Translucent-roofridge.jpg?resize=329%2C290&ssl=1\" class=\"attachment-full size-full\" alt=\"\" aria-describedby=\"gallery-1-15836\" srcset=\"https:\/\/i0.wp.com\/prsheds.com\/wp-content\/uploads\/2016\/05\/PR-Sheds-KINCENTER-GABLE-SERIES_0003_Translucent-roofridge.jpg?w=329&ssl=1 329w, https:\/\/i0.wp.com\/prsheds.com\/wp-content\/uploads\/2016\/05\/PR-Sheds-KINCENTER-GABLE-SERIES_0003_Translucent-roofridge.jpg?resize=300%2C264&ssl=1 300w, https:\/\/i0.wp.com\/prsheds.com\/wp-content\/uploads\/2016\/05\/PR-Sheds-KINCENTER-GABLE-SERIES_0003_Translucent-roofridge.jpg?resize=14%2C12&ssl=1 14w, https:\/\/i0.wp.com\/prsheds.com\/wp-content\/uploads\/2016\/05\/PR-Sheds-KINCENTER-GABLE-SERIES_0003_Translucent-roofridge.jpg?resize=100%2C88&ssl=1 100w\" sizes=\"(max-width: 329px) 100vw, 329px\" \/>\n\t\t\t<\/dt>\n\t\t\t\t<dd class='wp-caption-text gallery-caption' id='gallery-1-15836'>\n\t\t\t\t\u2022\tTecho transl\u00facido\n\t\t\t\t<\/dd><\/dl><dl class='gallery-item'>\n\t\t\t<dt class='gallery-icon landscape'>\n\t\t\t\t<img data-recalc-dims=\"1\" loading=\"lazy\" decoding=\"async\" width=\"329\" height=\"290\" src=\"https:\/\/i0.wp.com\/prsheds.com\/wp-content\/uploads\/2016\/05\/PR-Sheds-KINCENTER-GABLE-SERIES_0000_Humidity-control.jpg?resize=329%2C290&ssl=1\" class=\"attachment-full size-full\" alt=\"\" aria-describedby=\"gallery-1-15839\" srcset=\"https:\/\/i0.wp.com\/prsheds.com\/wp-content\/uploads\/2016\/05\/PR-Sheds-KINCENTER-GABLE-SERIES_0000_Humidity-control.jpg?w=329&ssl=1 329w, https:\/\/i0.wp.com\/prsheds.com\/wp-content\/uploads\/2016\/05\/PR-Sheds-KINCENTER-GABLE-SERIES_0000_Humidity-control.jpg?resize=300%2C264&ssl=1 300w, https:\/\/i0.wp.com\/prsheds.com\/wp-content\/uploads\/2016\/05\/PR-Sheds-KINCENTER-GABLE-SERIES_0000_Humidity-control.jpg?resize=14%2C12&ssl=1 14w, https:\/\/i0.wp.com\/prsheds.com\/wp-content\/uploads\/2016\/05\/PR-Sheds-KINCENTER-GABLE-SERIES_0000_Humidity-control.jpg?resize=100%2C88&ssl=1 100w\" sizes=\"(max-width: 329px) 100vw, 329px\" \/>\n\t\t\t<\/dt>\n\t\t\t\t<dd class='wp-caption-text gallery-caption' id='gallery-1-15839'>\n\t\t\t\t\u2022\tControl de humedad\n\t\t\t\t<\/dd><\/dl><br style=\"clear: both\" \/><dl class='gallery-item'>\n\t\t\t<dt class='gallery-icon landscape'>\n\t\t\t\t<img data-recalc-dims=\"1\" loading=\"lazy\" decoding=\"async\" width=\"329\" height=\"290\" src=\"https:\/\/i0.wp.com\/prsheds.com\/wp-content\/uploads\/2016\/05\/PR-Sheds-KINCENTER-GABLE-SERIES_0001_Temperature-control.jpg?resize=329%2C290&ssl=1\" class=\"attachment-full size-full\" alt=\"\" aria-describedby=\"gallery-1-15838\" srcset=\"https:\/\/i0.wp.com\/prsheds.com\/wp-content\/uploads\/2016\/05\/PR-Sheds-KINCENTER-GABLE-SERIES_0001_Temperature-control.jpg?w=329&ssl=1 329w, https:\/\/i0.wp.com\/prsheds.com\/wp-content\/uploads\/2016\/05\/PR-Sheds-KINCENTER-GABLE-SERIES_0001_Temperature-control.jpg?resize=300%2C264&ssl=1 300w, https:\/\/i0.wp.com\/prsheds.com\/wp-content\/uploads\/2016\/05\/PR-Sheds-KINCENTER-GABLE-SERIES_0001_Temperature-control.jpg?resize=14%2C12&ssl=1 14w, https:\/\/i0.wp.com\/prsheds.com\/wp-content\/uploads\/2016\/05\/PR-Sheds-KINCENTER-GABLE-SERIES_0001_Temperature-control.jpg?resize=100%2C88&ssl=1 100w\" sizes=\"(max-width: 329px) 100vw, 329px\" \/>\n\t\t\t<\/dt>\n\t\t\t\t<dd class='wp-caption-text gallery-caption' id='gallery-1-15838'>\n\t\t\t\t\u2022\tControl de temperatura\n\t\t\t\t<\/dd><\/dl><dl class='gallery-item'>\n\t\t\t<dt class='gallery-icon landscape'>\n\t\t\t\t<img data-recalc-dims=\"1\" loading=\"lazy\" decoding=\"async\" width=\"329\" height=\"290\" src=\"https:\/\/i0.wp.com\/prsheds.com\/wp-content\/uploads\/2016\/05\/PR-Sheds-KINCENTER-GABLE-SERIES_0002_Solar-energy-system.jpg?resize=329%2C290&ssl=1\" class=\"attachment-full size-full\" alt=\"\" aria-describedby=\"gallery-1-15837\" srcset=\"https:\/\/i0.wp.com\/prsheds.com\/wp-content\/uploads\/2016\/05\/PR-Sheds-KINCENTER-GABLE-SERIES_0002_Solar-energy-system.jpg?w=329&ssl=1 329w, https:\/\/i0.wp.com\/prsheds.com\/wp-content\/uploads\/2016\/05\/PR-Sheds-KINCENTER-GABLE-SERIES_0002_Solar-energy-system.jpg?resize=300%2C264&ssl=1 300w, https:\/\/i0.wp.com\/prsheds.com\/wp-content\/uploads\/2016\/05\/PR-Sheds-KINCENTER-GABLE-SERIES_0002_Solar-energy-system.jpg?resize=14%2C12&ssl=1 14w, https:\/\/i0.wp.com\/prsheds.com\/wp-content\/uploads\/2016\/05\/PR-Sheds-KINCENTER-GABLE-SERIES_0002_Solar-energy-system.jpg?resize=100%2C88&ssl=1 100w\" sizes=\"(max-width: 329px) 100vw, 329px\" \/>\n\t\t\t<\/dt>\n\t\t\t\t<dd class='wp-caption-text gallery-caption' id='gallery-1-15837'>\n\t\t\t\t\u2022\tSistema de energ\u00eda solar\n\t\t\t\t<\/dd><\/dl><dl class='gallery-item'>\n\t\t\t<dt class='gallery-icon portrait'>\n\t\t\t\t<img data-recalc-dims=\"1\" loading=\"lazy\" decoding=\"async\" width=\"670\" height=\"671\" src=\"https:\/\/i0.wp.com\/prsheds.com\/wp-content\/uploads\/2016\/05\/Solar-Lamp.jpg?resize=670%2C671&ssl=1\" class=\"attachment-full size-full\" alt=\"\" srcset=\"https:\/\/i0.wp.com\/prsheds.com\/wp-content\/uploads\/2016\/05\/Solar-Lamp.jpg?w=670&ssl=1 670w, https:\/\/i0.wp.com\/prsheds.com\/wp-content\/uploads\/2016\/05\/Solar-Lamp.jpg?resize=300%2C300&ssl=1 300w, https:\/\/i0.wp.com\/prsheds.com\/wp-content\/uploads\/2016\/05\/Solar-Lamp.jpg?resize=100%2C100&ssl=1 100w, https:\/\/i0.wp.com\/prsheds.com\/wp-content\/uploads\/2016\/05\/Solar-Lamp.jpg?resize=600%2C601&ssl=1 600w, https:\/\/i0.wp.com\/prsheds.com\/wp-content\/uploads\/2016\/05\/Solar-Lamp.jpg?resize=150%2C150&ssl=1 150w, https:\/\/i0.wp.com\/prsheds.com\/wp-content\/uploads\/2016\/05\/Solar-Lamp.jpg?resize=12%2C12&ssl=1 12w, https:\/\/i0.wp.com\/prsheds.com\/wp-content\/uploads\/2016\/05\/Solar-Lamp.jpg?resize=540%2C541&ssl=1 540w, https:\/\/i0.wp.com\/prsheds.com\/wp-content\/uploads\/2016\/05\/Solar-Lamp.jpg?resize=205%2C205&ssl=1 205w, https:\/\/i0.wp.com\/prsheds.com\/wp-content\/uploads\/2016\/05\/Solar-Lamp.jpg?resize=420%2C420&ssl=1 420w\" sizes=\"(max-width: 670px) 100vw, 670px\" \/>\n\t\t\t<\/dt><\/dl><br style=\"clear: both\" \/>\n\t\t<\/div>\n\n<p><em><strong>Delivery price included throughout Puerto Rico (does not include Vieques or Culebra)<\/strong><\/em><\/p>\n<p>\u00a0<\/p>\n<ul>\n<li><strong>Key points<\/strong>\n<ul>\n<li><strong>Resin construction, simulated wood grain on the surface, maintenance-free, strong weather resistance.<\/strong><\/li>\n<li><strong>Reinforcement of galvanized steel structure.<\/strong><\/li>\n<li><strong>The storage space is large and shelves, hooks, etc. can be added. inside;<\/strong><\/li>\n<li><strong>A plurality of windows may provide natural light and a plurality of vents.<\/strong><\/li>\n<li><strong>L\u00e1mpara de interior, l\u00e1mpara solar de inducci\u00f3n autom\u00e1tica y extractor de aire solar<\/strong><\/li>\n<li><strong>Can be easily assembled with simple tools<\/strong><\/li>\n<li><strong>Support length customization<\/strong><\/li>\n<li><strong>Material: PP plastic and metal.<\/strong><\/li>\n<li><strong>Roof and covering: 16 mm PP plastic.<\/strong><\/li>\n<li><strong>Tipo de puerta: Puerta doble<\/strong><\/li>\n<li><strong>With lock: Yes<\/strong><\/li>\n<li><strong>Features: easy installation, environmental<\/strong><\/li>\n<li><strong>Protection, great practicality<\/strong><\/li>\n<li><strong>Weather resistance: Yes<\/strong><\/li>\n<li><strong>Basic kit: integrated<\/strong><\/li>\n<li><strong>Refuerzo de acero galvanizado<\/strong><br \/>\n<strong>El acero galvanizado tiene una fuerte resistencia a la corrosi\u00f3n,<\/strong><br \/>\n<strong>buenas propiedades mec\u00e1nicas, buena flexibilidad y durabilidad.<\/strong><\/li>\n<li><strong>Techo transl\u00facido<\/strong><br \/>\n<strong>El dise\u00f1o de cresta semitransparente aumenta la transmisi\u00f3n de luz natural<\/strong><\/li>\n<li><strong>Sistema de control inteligente.<\/strong><\/li>\n<li><strong>Luz de inducci\u00f3n<\/strong><\/li>\n<li><strong>Control de temperatura<\/strong><\/li>\n<li><strong>Control de humedad<\/strong><\/li>\n<li><strong>Sistema de energ\u00eda solar<\/strong><\/li>\n<\/ul>\n<p>\u00a0<\/p>\n<p>\u00a0<\/li>\n<\/ul>","protected":false},"excerpt":{"rendered":"<p>\u00a0 Casita de Patio Kingcenter Pl\u00e1stico \u2013 6 x 6 MODELO 6 X 6 PL\u00c1STICO Precio $859.00 \u2013 Oferta 15% = $730.15- \u2013 Incluye l\u00e1mpara modelo bb optimal, candado, entrega a toda la isla* (Excepto Vieques y Culebra) En o antes de 24 horas nos comunicaremos para coordinar fecha de entrega \u00a0 Precio instalado sobre [&hellip;]<\/p>\n","protected":false},"featured_media":15781,"comment_status":"closed","ping_status":"closed","template":"","meta":{"_coblocks_attr":"","_coblocks_dimensions":"","_coblocks_responsive_height":"","_coblocks_accordion_ie_support":"","rs_blank_template":"","rs_page_bg_color":"","slide_template_v7":"","_themeisle_gutenberg_block_has_review":false},"product_brand":[],"product_cat":[149],"product_tag":[156],"class_list":{"0":"post-15749","1":"product","2":"type-product","3":"status-publish","4":"has-post-thumbnail","6":"product_cat-sheds","7":"product_tag-kingcenter-ksg-series-6ft","9":"first","10":"instock","11":"taxable","12":"shipping-taxable","13":"purchasable","14":"product-type-variable"},"yoast_head":"<!-- This site is optimized with the Yoast SEO plugin v27.5 - https:\/\/yoast.com\/product\/yoast-seo-wordpress\/ -->\n<title>Casita de Patio Kingcenter Pl\u00e1stico - 6 x 6 - prsheds.com<\/title>\n<meta name=\"robots\" content=\"index, follow, max-snippet:-1, max-image-preview:large, max-video-preview:-1\" \/>\n<link rel=\"canonical\" href=\"https:\/\/prsheds.com\/en\/product\/casita-de-patio-kingcenter-6ft\/\" \/>\n<meta property=\"og:locale\" content=\"en_US\" \/>\n<meta property=\"og:type\" content=\"article\" \/>\n<meta property=\"og:title\" content=\"Casita de Patio Kingcenter Pl\u00e1stico - 6 x 6 - prsheds.com\" \/>\n<meta property=\"og:description\" content=\"\u00a0 Casita de Patio Kingcenter Pl\u00e1stico \u2013 6 x 6 MODELO 6 X 6 PL\u00c1STICO Precio $859.00 \u2013 Oferta 15% = $730.15- \u2013 Incluye l\u00e1mpara modelo bb optimal, candado, entrega a toda la isla* (Excepto Vieques y Culebra) En o antes de 24 horas nos comunicaremos para coordinar fecha de entrega \u00a0 Precio instalado sobre [&hellip;]\" \/>\n<meta property=\"og:url\" content=\"https:\/\/prsheds.com\/en\/product\/casita-de-patio-kingcenter-6ft\/\" \/>\n<meta property=\"og:site_name\" content=\"prsheds.com\" \/>\n<meta property=\"article:modified_time\" content=\"2025-12-17T23:49:47+00:00\" \/>\n<meta property=\"og:image\" content=\"https:\/\/prsheds.com\/wp-content\/uploads\/2023\/10\/Kingcenter-shed-Gable-KSG-series-6ft_Page_01.jpg\" \/>\n\t<meta property=\"og:image:width\" content=\"1920\" \/>\n\t<meta property=\"og:image:height\" content=\"1080\" \/>\n\t<meta property=\"og:image:type\" content=\"image\/jpeg\" \/>\n<meta name=\"twitter:card\" content=\"summary_large_image\" \/>\n<meta name=\"twitter:label1\" content=\"Est. reading time\" \/>\n\t<meta name=\"twitter:data1\" content=\"2 minutes\" \/>\n<script type=\"application\/ld+json\" class=\"yoast-schema-graph\">{\"@context\":\"https:\\\/\\\/schema.org\",\"@graph\":[{\"@type\":\"WebPage\",\"@id\":\"https:\\\/\\\/prsheds.com\\\/product\\\/casita-de-patio-kingcenter-6ft\\\/\",\"url\":\"https:\\\/\\\/prsheds.com\\\/product\\\/casita-de-patio-kingcenter-6ft\\\/\",\"name\":\"Casita de Patio Kingcenter Pl\u00e1stico - 6 x 6 - prsheds.com\",\"isPartOf\":{\"@id\":\"https:\\\/\\\/prsheds.com\\\/#website\"},\"primaryImageOfPage\":{\"@id\":\"https:\\\/\\\/prsheds.com\\\/product\\\/casita-de-patio-kingcenter-6ft\\\/#primaryimage\"},\"image\":{\"@id\":\"https:\\\/\\\/prsheds.com\\\/product\\\/casita-de-patio-kingcenter-6ft\\\/#primaryimage\"},\"thumbnailUrl\":\"https:\\\/\\\/prsheds.com\\\/wp-content\\\/uploads\\\/2023\\\/10\\\/Kingcenter-shed-Gable-KSG-series-6ft_Page_01.jpg\",\"datePublished\":\"2023-10-01T18:54:51+00:00\",\"dateModified\":\"2025-12-17T23:49:47+00:00\",\"breadcrumb\":{\"@id\":\"https:\\\/\\\/prsheds.com\\\/product\\\/casita-de-patio-kingcenter-6ft\\\/#breadcrumb\"},\"inLanguage\":\"en-US\",\"potentialAction\":[{\"@type\":\"ReadAction\",\"target\":[\"https:\\\/\\\/prsheds.com\\\/product\\\/casita-de-patio-kingcenter-6ft\\\/\"]}]},{\"@type\":\"ImageObject\",\"inLanguage\":\"en-US\",\"@id\":\"https:\\\/\\\/prsheds.com\\\/product\\\/casita-de-patio-kingcenter-6ft\\\/#primaryimage\",\"url\":\"https:\\\/\\\/prsheds.com\\\/wp-content\\\/uploads\\\/2023\\\/10\\\/Kingcenter-shed-Gable-KSG-series-6ft_Page_01.jpg\",\"contentUrl\":\"https:\\\/\\\/prsheds.com\\\/wp-content\\\/uploads\\\/2023\\\/10\\\/Kingcenter-shed-Gable-KSG-series-6ft_Page_01.jpg\",\"width\":1920,\"height\":1080},{\"@type\":\"BreadcrumbList\",\"@id\":\"https:\\\/\\\/prsheds.com\\\/product\\\/casita-de-patio-kingcenter-6ft\\\/#breadcrumb\",\"itemListElement\":[{\"@type\":\"ListItem\",\"position\":1,\"name\":\"Home\",\"item\":\"https:\\\/\\\/prsheds.com\\\/\"},{\"@type\":\"ListItem\",\"position\":2,\"name\":\"Shop\",\"item\":\"https:\\\/\\\/prsheds.com\\\/shop\\\/\"},{\"@type\":\"ListItem\",\"position\":3,\"name\":\"Casita de Patio Kingcenter Pl\u00e1stico &#8211; 6 x 6\"}]},{\"@type\":\"WebSite\",\"@id\":\"https:\\\/\\\/prsheds.com\\\/#website\",\"url\":\"https:\\\/\\\/prsheds.com\\\/\",\"name\":\"prsheds.com\",\"description\":\"prsheds.com\",\"potentialAction\":[{\"@type\":\"SearchAction\",\"target\":{\"@type\":\"EntryPoint\",\"urlTemplate\":\"https:\\\/\\\/prsheds.com\\\/?s={search_term_string}\"},\"query-input\":{\"@type\":\"PropertyValueSpecification\",\"valueRequired\":true,\"valueName\":\"search_term_string\"}}],\"inLanguage\":\"en-US\"}]}<\/script>\n<!-- \/ Yoast SEO plugin. -->","yoast_head_json":{"title":"Casita de Patio Kingcenter Pl\u00e1stico - 6 x 6 - prsheds.com","robots":{"index":"index","follow":"follow","max-snippet":"max-snippet:-1","max-image-preview":"max-image-preview:large","max-video-preview":"max-video-preview:-1"},"canonical":"https:\/\/prsheds.com\/en\/product\/casita-de-patio-kingcenter-6ft\/","og_locale":"en_US","og_type":"article","og_title":"Casita de Patio Kingcenter Pl\u00e1stico - 6 x 6 - prsheds.com","og_description":"\u00a0 Casita de Patio Kingcenter Pl\u00e1stico \u2013 6 x 6 MODELO 6 X 6 PL\u00c1STICO Precio $859.00 \u2013 Oferta 15% = $730.15- \u2013 Incluye l\u00e1mpara modelo bb optimal, candado, entrega a toda la isla* (Excepto Vieques y Culebra) En o antes de 24 horas nos comunicaremos para coordinar fecha de entrega \u00a0 Precio instalado sobre [&hellip;]","og_url":"https:\/\/prsheds.com\/en\/product\/casita-de-patio-kingcenter-6ft\/","og_site_name":"prsheds.com","article_modified_time":"2025-12-17T23:49:47+00:00","og_image":[{"width":1920,"height":1080,"url":"https:\/\/prsheds.com\/wp-content\/uploads\/2023\/10\/Kingcenter-shed-Gable-KSG-series-6ft_Page_01.jpg","type":"image\/jpeg"}],"twitter_card":"summary_large_image","twitter_misc":{"Est. reading time":"2 minutes"},"schema":{"@context":"https:\/\/schema.org","@graph":[{"@type":"WebPage","@id":"https:\/\/prsheds.com\/product\/casita-de-patio-kingcenter-6ft\/","url":"https:\/\/prsheds.com\/product\/casita-de-patio-kingcenter-6ft\/","name":"Casita de Patio Kingcenter Pl\u00e1stico - 6 x 6 - prsheds.com","isPartOf":{"@id":"https:\/\/prsheds.com\/#website"},"primaryImageOfPage":{"@id":"https:\/\/prsheds.com\/product\/casita-de-patio-kingcenter-6ft\/#primaryimage"},"image":{"@id":"https:\/\/prsheds.com\/product\/casita-de-patio-kingcenter-6ft\/#primaryimage"},"thumbnailUrl":"https:\/\/prsheds.com\/wp-content\/uploads\/2023\/10\/Kingcenter-shed-Gable-KSG-series-6ft_Page_01.jpg","datePublished":"2023-10-01T18:54:51+00:00","dateModified":"2025-12-17T23:49:47+00:00","breadcrumb":{"@id":"https:\/\/prsheds.com\/product\/casita-de-patio-kingcenter-6ft\/#breadcrumb"},"inLanguage":"en-US","potentialAction":[{"@type":"ReadAction","target":["https:\/\/prsheds.com\/product\/casita-de-patio-kingcenter-6ft\/"]}]},{"@type":"ImageObject","inLanguage":"en-US","@id":"https:\/\/prsheds.com\/product\/casita-de-patio-kingcenter-6ft\/#primaryimage","url":"https:\/\/prsheds.com\/wp-content\/uploads\/2023\/10\/Kingcenter-shed-Gable-KSG-series-6ft_Page_01.jpg","contentUrl":"https:\/\/prsheds.com\/wp-content\/uploads\/2023\/10\/Kingcenter-shed-Gable-KSG-series-6ft_Page_01.jpg","width":1920,"height":1080},{"@type":"BreadcrumbList","@id":"https:\/\/prsheds.com\/product\/casita-de-patio-kingcenter-6ft\/#breadcrumb","itemListElement":[{"@type":"ListItem","position":1,"name":"Home","item":"https:\/\/prsheds.com\/"},{"@type":"ListItem","position":2,"name":"Shop","item":"https:\/\/prsheds.com\/shop\/"},{"@type":"ListItem","position":3,"name":"Casita de Patio Kingcenter Pl\u00e1stico &#8211; 6 x 6"}]},{"@type":"WebSite","@id":"https:\/\/prsheds.com\/#website","url":"https:\/\/prsheds.com\/","name":"prsheds.com","description":"prsheds.com","potentialAction":[{"@type":"SearchAction","target":{"@type":"EntryPoint","urlTemplate":"https:\/\/prsheds.com\/?s={search_term_string}"},"query-input":{"@type":"PropertyValueSpecification","valueRequired":true,"valueName":"search_term_string"}}],"inLanguage":"en-US"}]}},"jetpack_sharing_enabled":true,"_links":{"self":[{"href":"https:\/\/prsheds.com\/en\/wp-json\/wp\/v2\/product\/15749","targetHints":{"allow":["GET"]}}],"collection":[{"href":"https:\/\/prsheds.com\/en\/wp-json\/wp\/v2\/product"}],"about":[{"href":"https:\/\/prsheds.com\/en\/wp-json\/wp\/v2\/types\/product"}],"replies":[{"embeddable":true,"href":"https:\/\/prsheds.com\/en\/wp-json\/wp\/v2\/comments?post=15749"}],"wp:featuredmedia":[{"embeddable":true,"href":"https:\/\/prsheds.com\/en\/wp-json\/wp\/v2\/media\/15781"}],"wp:attachment":[{"href":"https:\/\/prsheds.com\/en\/wp-json\/wp\/v2\/media?parent=15749"}],"wp:term":[{"taxonomy":"product_brand","embeddable":true,"href":"https:\/\/prsheds.com\/en\/wp-json\/wp\/v2\/product_brand?post=15749"},{"taxonomy":"product_cat","embeddable":true,"href":"https:\/\/prsheds.com\/en\/wp-json\/wp\/v2\/product_cat?post=15749"},{"taxonomy":"product_tag","embeddable":true,"href":"https:\/\/prsheds.com\/en\/wp-json\/wp\/v2\/product_tag?post=15749"}],"curies":[{"name":"wp","href":"https:\/\/api.w.org\/{rel}","templated":true}]}}