{"id":15927,"date":"2023-11-15T00:44:34","date_gmt":"2023-11-15T00:44:34","guid":{"rendered":"https:\/\/prsheds.com\/?page_id=15927"},"modified":"2023-11-15T00:44:38","modified_gmt":"2023-11-15T00:44:38","slug":"conduce-instalador","status":"publish","type":"page","link":"https:\/\/prsheds.com\/en\/conduce-instalador\/","title":{"rendered":"Drive Installer"},"content":{"rendered":"<style id=\"wpforms-css-vars-15920\">\n\t\t\t\t#wpforms-15920 {\n\t\t\t\t\n\t\t\t}\n\t\t\t<\/style><div class=\"wpforms-container wpforms-container-full wpforms-render-modern\" id=\"wpforms-15920\"><form id=\"wpforms-form-15920\" class=\"wpforms-validate wpforms-form wpforms-ajax-form\" data-formid=\"15920\" method=\"post\" enctype=\"multipart\/form-data\" action=\"\/en\/wp-json\/wp\/v2\/pages\/15927\" data-token=\"31daa6bb44d800cc14bec0f7152feb84\" data-token-time=\"1777719723\"><noscript class=\"wpforms-error-noscript\">Please enable JavaScript in your browser to complete this form.<\/noscript><div id=\"wpforms-error-noscript\" style=\"display: none;\">Please enable JavaScript in your browser to complete this form.<\/div><div class=\"wpforms-field-container\"><div id=\"wpforms-15920-field_1-container\" class=\"wpforms-field wpforms-field-text\" data-field-id=\"1\"><label class=\"wpforms-field-label\" for=\"wpforms-15920-field_1\">Nombre Cliente: <span class=\"wpforms-required-label\" aria-hidden=\"true\">*<\/span><\/label><input type=\"text\" id=\"wpforms-15920-field_1\" class=\"wpforms-field-medium wpforms-field-required\" name=\"wpforms[fields][1]\" aria-errormessage=\"wpforms-15920-field_1-error\" required><\/div><div id=\"wpforms-15920-field_2-container\" class=\"wpforms-field wpforms-field-text\" data-field-id=\"2\"><label class=\"wpforms-field-label\" for=\"wpforms-15920-field_2\">N\u00famero de Orden: <span class=\"wpforms-required-label\" aria-hidden=\"true\">*<\/span><\/label><input type=\"text\" id=\"wpforms-15920-field_2\" class=\"wpforms-field-medium wpforms-field-required\" name=\"wpforms[fields][2]\" aria-errormessage=\"wpforms-15920-field_2-error\" required><\/div><div id=\"wpforms-15920-field_4-container\" class=\"wpforms-field wpforms-field-textarea\" data-field-id=\"4\"><label class=\"wpforms-field-label\" for=\"wpforms-15920-field_4\">Descripci\u00f3n de Orden: <span class=\"wpforms-required-label\" aria-hidden=\"true\">*<\/span><\/label><textarea id=\"wpforms-15920-field_4\" class=\"wpforms-field-medium wpforms-field-required\" name=\"wpforms[fields][4]\" aria-errormessage=\"wpforms-15920-field_4-error\" required><\/textarea><\/div><div id=\"wpforms-15920-field_5-container\" class=\"wpforms-field wpforms-field-textarea\" data-field-id=\"5\"><label class=\"wpforms-field-label\" for=\"wpforms-15920-field_5\">Direcci\u00f3n Cliente: <span class=\"wpforms-required-label\" aria-hidden=\"true\">*<\/span><\/label><textarea id=\"wpforms-15920-field_5\" class=\"wpforms-field-medium wpforms-field-required\" name=\"wpforms[fields][5]\" aria-errormessage=\"wpforms-15920-field_5-error\" required><\/textarea><\/div><\/div><!-- .wpforms-field-container --><div class=\"wpforms-submit-container\" ><input type=\"hidden\" name=\"wpforms[id]\" value=\"15920\"><input type=\"hidden\" name=\"page_title\" value=\"\"><input type=\"hidden\" name=\"page_url\" value=\"https:\/\/prsheds.com\/en\/wp-json\/wp\/v2\/pages\/15927\"><input type=\"hidden\" name=\"url_referer\" value=\"\"><button type=\"submit\" name=\"wpforms[submit]\" id=\"wpforms-submit-15920\" class=\"wpforms-submit\" data-alt-text=\"Sending...\" data-submit-text=\"Submit\" aria-live=\"assertive\" value=\"wpforms-submit\">Submit<\/button><img decoding=\"async\" src=\"https:\/\/prsheds.com\/wp-content\/plugins\/wpforms-lite\/assets\/images\/submit-spin.svg\" class=\"wpforms-submit-spinner\" style=\"display: none;\" width=\"26\" height=\"26\" alt=\"Loading\"><\/div><\/form><\/div>  <!-- .wpforms-container -->\n","protected":false},"excerpt":{"rendered":"<p>Please enable JavaScript in your browser to complete this form.Please enable JavaScript in your browser to complete this form.Nombre Cliente: *N\u00famero de Orden: *Descripci\u00f3n de Orden: *Direcci\u00f3n Cliente: *Submit<\/p>","protected":false},"author":3,"featured_media":0,"parent":0,"menu_order":0,"comment_status":"closed","ping_status":"closed","template":"","meta":{"_coblocks_attr":"","_coblocks_dimensions":"","_coblocks_responsive_height":"","_coblocks_accordion_ie_support":"","rs_blank_template":"","rs_page_bg_color":"","slide_template_v7":"","_themeisle_gutenberg_block_has_review":false,"footnotes":""},"class_list":["post-15927","page","type-page","status-publish","hentry"],"yoast_head":"<!-- This site is optimized with the Yoast SEO plugin v27.5 - https:\/\/yoast.com\/product\/yoast-seo-wordpress\/ -->\n<title>Conduce Instalador - prsheds.com<\/title>\n<meta name=\"robots\" content=\"index, follow, max-snippet:-1, max-image-preview:large, max-video-preview:-1\" \/>\n<link rel=\"canonical\" href=\"https:\/\/prsheds.com\/en\/conduce-instalador\/\" \/>\n<meta property=\"og:locale\" content=\"en_US\" \/>\n<meta property=\"og:type\" content=\"article\" \/>\n<meta property=\"og:title\" content=\"Conduce Instalador - prsheds.com\" \/>\n<meta property=\"og:description\" content=\"Please enable JavaScript in your browser to complete this form.Please enable JavaScript in your browser to complete this form.Nombre Cliente: *N\u00famero de Orden: *Descripci\u00f3n de Orden: *Direcci\u00f3n Cliente: *Submit\" \/>\n<meta property=\"og:url\" content=\"https:\/\/prsheds.com\/en\/conduce-instalador\/\" \/>\n<meta property=\"og:site_name\" content=\"prsheds.com\" \/>\n<meta property=\"article:modified_time\" content=\"2023-11-15T00:44:38+00:00\" \/>\n<meta name=\"twitter:card\" content=\"summary_large_image\" \/>\n<script type=\"application\/ld+json\" class=\"yoast-schema-graph\">{\"@context\":\"https:\\\/\\\/schema.org\",\"@graph\":[{\"@type\":\"WebPage\",\"@id\":\"https:\\\/\\\/prsheds.com\\\/conduce-instalador\\\/\",\"url\":\"https:\\\/\\\/prsheds.com\\\/conduce-instalador\\\/\",\"name\":\"Conduce Instalador - prsheds.com\",\"isPartOf\":{\"@id\":\"https:\\\/\\\/prsheds.com\\\/#website\"},\"datePublished\":\"2023-11-15T00:44:34+00:00\",\"dateModified\":\"2023-11-15T00:44:38+00:00\",\"breadcrumb\":{\"@id\":\"https:\\\/\\\/prsheds.com\\\/conduce-instalador\\\/#breadcrumb\"},\"inLanguage\":\"en-US\",\"potentialAction\":[{\"@type\":\"ReadAction\",\"target\":[\"https:\\\/\\\/prsheds.com\\\/conduce-instalador\\\/\"]}]},{\"@type\":\"BreadcrumbList\",\"@id\":\"https:\\\/\\\/prsheds.com\\\/conduce-instalador\\\/#breadcrumb\",\"itemListElement\":[{\"@type\":\"ListItem\",\"position\":1,\"name\":\"Home\",\"item\":\"https:\\\/\\\/prsheds.com\\\/\"},{\"@type\":\"ListItem\",\"position\":2,\"name\":\"Conduce Instalador\"}]},{\"@type\":\"WebSite\",\"@id\":\"https:\\\/\\\/prsheds.com\\\/#website\",\"url\":\"https:\\\/\\\/prsheds.com\\\/\",\"name\":\"prsheds.com\",\"description\":\"prsheds.com\",\"potentialAction\":[{\"@type\":\"SearchAction\",\"target\":{\"@type\":\"EntryPoint\",\"urlTemplate\":\"https:\\\/\\\/prsheds.com\\\/?s={search_term_string}\"},\"query-input\":{\"@type\":\"PropertyValueSpecification\",\"valueRequired\":true,\"valueName\":\"search_term_string\"}}],\"inLanguage\":\"en-US\"}]}<\/script>\n<!-- \/ Yoast SEO plugin. -->","yoast_head_json":{"title":"Conduce Instalador - prsheds.com","robots":{"index":"index","follow":"follow","max-snippet":"max-snippet:-1","max-image-preview":"max-image-preview:large","max-video-preview":"max-video-preview:-1"},"canonical":"https:\/\/prsheds.com\/en\/conduce-instalador\/","og_locale":"en_US","og_type":"article","og_title":"Conduce Instalador - prsheds.com","og_description":"Please enable JavaScript in your browser to complete this form.Please enable JavaScript in your browser to complete this form.Nombre Cliente: *N\u00famero de Orden: *Descripci\u00f3n de Orden: *Direcci\u00f3n Cliente: *Submit","og_url":"https:\/\/prsheds.com\/en\/conduce-instalador\/","og_site_name":"prsheds.com","article_modified_time":"2023-11-15T00:44:38+00:00","twitter_card":"summary_large_image","schema":{"@context":"https:\/\/schema.org","@graph":[{"@type":"WebPage","@id":"https:\/\/prsheds.com\/conduce-instalador\/","url":"https:\/\/prsheds.com\/conduce-instalador\/","name":"Conduce Instalador - prsheds.com","isPartOf":{"@id":"https:\/\/prsheds.com\/#website"},"datePublished":"2023-11-15T00:44:34+00:00","dateModified":"2023-11-15T00:44:38+00:00","breadcrumb":{"@id":"https:\/\/prsheds.com\/conduce-instalador\/#breadcrumb"},"inLanguage":"en-US","potentialAction":[{"@type":"ReadAction","target":["https:\/\/prsheds.com\/conduce-instalador\/"]}]},{"@type":"BreadcrumbList","@id":"https:\/\/prsheds.com\/conduce-instalador\/#breadcrumb","itemListElement":[{"@type":"ListItem","position":1,"name":"Home","item":"https:\/\/prsheds.com\/"},{"@type":"ListItem","position":2,"name":"Conduce Instalador"}]},{"@type":"WebSite","@id":"https:\/\/prsheds.com\/#website","url":"https:\/\/prsheds.com\/","name":"prsheds.com","description":"prsheds.com","potentialAction":[{"@type":"SearchAction","target":{"@type":"EntryPoint","urlTemplate":"https:\/\/prsheds.com\/?s={search_term_string}"},"query-input":{"@type":"PropertyValueSpecification","valueRequired":true,"valueName":"search_term_string"}}],"inLanguage":"en-US"}]}},"jetpack_sharing_enabled":true,"brizy_media":[],"_links":{"self":[{"href":"https:\/\/prsheds.com\/en\/wp-json\/wp\/v2\/pages\/15927","targetHints":{"allow":["GET"]}}],"collection":[{"href":"https:\/\/prsheds.com\/en\/wp-json\/wp\/v2\/pages"}],"about":[{"href":"https:\/\/prsheds.com\/en\/wp-json\/wp\/v2\/types\/page"}],"author":[{"embeddable":true,"href":"https:\/\/prsheds.com\/en\/wp-json\/wp\/v2\/users\/3"}],"replies":[{"embeddable":true,"href":"https:\/\/prsheds.com\/en\/wp-json\/wp\/v2\/comments?post=15927"}],"version-history":[{"count":1,"href":"https:\/\/prsheds.com\/en\/wp-json\/wp\/v2\/pages\/15927\/revisions"}],"predecessor-version":[{"id":15928,"href":"https:\/\/prsheds.com\/en\/wp-json\/wp\/v2\/pages\/15927\/revisions\/15928"}],"wp:attachment":[{"href":"https:\/\/prsheds.com\/en\/wp-json\/wp\/v2\/media?parent=15927"}],"curies":[{"name":"wp","href":"https:\/\/api.w.org\/{rel}","templated":true}]}}