{"id":15613,"date":"2023-09-24T15:12:26","date_gmt":"2023-09-24T15:12:26","guid":{"rendered":"https:\/\/prsheds.com\/?page_id=15613"},"modified":"2023-11-20T20:58:17","modified_gmt":"2023-11-20T20:58:17","slug":"certificacion-instalacion","status":"publish","type":"page","link":"https:\/\/prsheds.com\/en\/certificacion-instalacion\/","title":{"rendered":"Certificaci\u00f3n Instalaci\u00f3n-Entrega"},"content":{"rendered":"<div class=\"wpb-content-wrapper\"><p><strong><div class=\"vc_row wpb_row vc_row-fluid\"><div class=\"wpb_column vc_column_container vc_col-sm-12\"><div class=\"vc_column-inner \"><div class=\"wpb_wrapper\">\r\n\t<div class=\"wpb_text_column wpb_content_element \" >\r\n\t\t<div class=\"wpb_wrapper\">\r\n\t\t\t<p><\/strong><\/p>\n<h3><strong>Gu\u00edas de Seguridad<\/strong><\/h3>\n<ul>\n<li><strong>El cobertizo est\u00e1 dise\u00f1ado \u00fanicamente para fines de almacenamiento.<\/strong><br \/>\n<strong>No est\u00e1 dise\u00f1ado para ser habitado.<\/strong><\/li>\n<li><strong>Se recomienda enf\u00e1ticamente asegurar el cobertizo a un objeto inamovible o anclarlo a la tierra perforando agujeros en el piso del cobertizo en las ubicaciones previamente marcadas e insertando los tornillos adecuados en el suelo (los tornillos no est\u00e1n incluidos).<\/strong><\/li>\n<li><strong>Es favorable revisar peri\u00f3dicamente el cobertizo para asegurarse de que sea estable y que el sitio est\u00e9 nivelado.<\/strong><\/li>\n<li><strong>Tenga cuidado al manipular piezas con bordes de acero.<\/strong><\/li>\n<li><strong>Cuando monte o manipule el cobertizo, utilice \u00fanicamente las herramientas enumeradas en el manual del usuario.<\/strong><\/li>\n<li><strong>Siempre use guantes de trabajo, gafas de seguridad y mangas largas cuando monte o realice cualquier mantenimiento en su cobertizo.<\/strong><\/li>\n<li><strong>Evite usar una cortadora de c\u00e9sped o una guada\u00f1a mec\u00e1nica cerca del cobertizo.<\/strong><\/li>\n<li><strong>Use gafas de seguridad y siga siempre las instrucciones del fabricante al usar Herramientas el\u00e9ctricas.<\/strong><\/li>\n<li><strong>Lave el cobertizo con una manguera de jard\u00edn o una soluci\u00f3n de detergente suave. No use cepillos de metal o limpiadores abrasivos, incluidos desengrasantes y productos a base de aceite o acetona<\/strong><\/li>\n<li><strong>materiales de limpieza, ya que pueden manchar o da\u00f1ar el cobertizo.<\/strong><\/li>\n<li><strong>No guarde art\u00edculos calientes, como parrillas, sopletes usados \u200b\u200brecientemente, y objetos vol\u00e1tiles de productos qu\u00edmicos en el cobertizo.<\/strong><\/li>\n<li><strong>Evite colocar objetos pesados \u200b\u200bcontra las paredes, ya que esto puede causar distorsi\u00f3n.<\/strong><\/li>\n<li><strong>No se pare en el techo.<\/strong><\/li>\n<\/ul>\n<p><strong>\u00a0<\/p>\n\r\n\t\t<\/div>\r\n\t<\/div>\r\n<style id=\"wpforms-css-vars-15817\">\n\t\t\t\t#wpforms-15817 {\n\t\t\t\t\n\t\t\t}\n\t\t\t<\/style><div class=\"wpforms-container wpforms-container-full wpforms-render-modern\" id=\"wpforms-15817\"><form id=\"wpforms-form-15817\" class=\"wpforms-validate wpforms-form wpforms-ajax-form\" data-formid=\"15817\" method=\"post\" enctype=\"multipart\/form-data\" action=\"\/en\/wp-json\/wp\/v2\/pages\/15613\" data-token=\"85d7587e1b7ba7eb3017937cda254412\" data-token-time=\"1777802823\"><div class=\"wpforms-head-container\"><div class=\"wpforms-title\">PRSheds Forma Instalaci\u00f3n<\/div><\/div><noscript class=\"wpforms-error-noscript\">Please enable JavaScript in your browser to complete this form.<\/noscript><div id=\"wpforms-error-noscript\" style=\"display: none;\">Please enable JavaScript in your browser to complete this form.<\/div><div class=\"wpforms-field-container\"><div id=\"wpforms-15817-field_0-container\" class=\"wpforms-field wpforms-field-name\" data-field-id=\"0\"><fieldset><legend class=\"wpforms-field-label\">Nombre <span class=\"wpforms-required-label\" aria-hidden=\"true\">*<\/span><\/legend><div class=\"wpforms-field-row wpforms-field-medium\"><div class=\"wpforms-field-row-block wpforms-first wpforms-one-half\"><input type=\"text\" id=\"wpforms-15817-field_0\" class=\"wpforms-field-name-first wpforms-field-required\" name=\"wpforms[fields][0][first]\" aria-errormessage=\"wpforms-15817-field_0-error\" required><label for=\"wpforms-15817-field_0\" class=\"wpforms-field-sublabel after\">First<\/label><\/div><div class=\"wpforms-field-row-block wpforms-one-half\"><input type=\"text\" id=\"wpforms-15817-field_0-last\" class=\"wpforms-field-name-last wpforms-field-required\" name=\"wpforms[fields][0][last]\" aria-errormessage=\"wpforms-15817-field_0-last-error\" required><label for=\"wpforms-15817-field_0-last\" class=\"wpforms-field-sublabel after\">Last<\/label><\/div><\/div><\/fieldset><\/div><div id=\"wpforms-15817-field_1-container\" class=\"wpforms-field wpforms-field-email\" data-field-id=\"1\"><label class=\"wpforms-field-label\" for=\"wpforms-15817-field_1\">Email <span class=\"wpforms-required-label\" aria-hidden=\"true\">*<\/span><\/label><input type=\"email\" id=\"wpforms-15817-field_1\" class=\"wpforms-field-medium wpforms-field-required\" name=\"wpforms[fields][1]\" spellcheck=\"false\" aria-errormessage=\"wpforms-15817-field_1-error\" required><\/div><div id=\"wpforms-15817-field_5-container\" class=\"wpforms-field wpforms-field-text\" data-field-id=\"5\"><label class=\"wpforms-field-label\" for=\"wpforms-15817-field_5\">N\u00famero de Orden <span class=\"wpforms-required-label\" aria-hidden=\"true\">*<\/span><\/label><input type=\"text\" id=\"wpforms-15817-field_5\" class=\"wpforms-field-medium wpforms-field-required\" name=\"wpforms[fields][5]\" aria-errormessage=\"wpforms-15817-field_5-error\" required><\/div><div id=\"wpforms-15817-field_3-container\" class=\"wpforms-field wpforms-field-checkbox\" data-field-id=\"3\"><fieldset><legend class=\"wpforms-field-label\">Certificaci\u00f3n de instalaci\u00f3n <span class=\"wpforms-required-label\" aria-hidden=\"true\">*<\/span><\/legend><ul id=\"wpforms-15817-field_3\" class=\"wpforms-field-required\"><li class=\"choice-9 depth-1\"><input type=\"checkbox\" id=\"wpforms-15817-field_3_9\" name=\"wpforms[fields][3][]\" value=\"Aprobaci\u00f3n del buen  estado del material del producto\" aria-errormessage=\"wpforms-15817-field_3_9-error\" aria-describedby=\"wpforms-15817-field_3-description\" required ><label class=\"wpforms-field-label-inline\" for=\"wpforms-15817-field_3_9\">Aprobaci\u00f3n del buen  estado del material del producto<\/label><\/li><li class=\"choice-1 depth-1\"><input type=\"checkbox\" id=\"wpforms-15817-field_3_1\" name=\"wpforms[fields][3][]\" value=\"Condiciones\u00a0de la estructura\" aria-errormessage=\"wpforms-15817-field_3_1-error\" aria-describedby=\"wpforms-15817-field_3-description\" required ><label class=\"wpforms-field-label-inline\" for=\"wpforms-15817-field_3_1\">Condiciones\u00a0de la estructura<\/label><\/li><li class=\"choice-2 depth-1\"><input type=\"checkbox\" id=\"wpforms-15817-field_3_2\" name=\"wpforms[fields][3][]\" value=\"Ubicaci\u00f3n correcta\u00a0de la estructura\" aria-errormessage=\"wpforms-15817-field_3_2-error\" aria-describedby=\"wpforms-15817-field_3-description\" required ><label class=\"wpforms-field-label-inline\" for=\"wpforms-15817-field_3_2\">Ubicaci\u00f3n correcta\u00a0de la estructura<\/label><\/li><li class=\"choice-3 depth-1\"><input type=\"checkbox\" id=\"wpforms-15817-field_3_3\" name=\"wpforms[fields][3][]\" value=\"Nivel de piso correcto (si aplica)\" aria-errormessage=\"wpforms-15817-field_3_3-error\" aria-describedby=\"wpforms-15817-field_3-description\" required ><label class=\"wpforms-field-label-inline\" for=\"wpforms-15817-field_3_3\">Nivel de piso correcto (si aplica)<\/label><\/li><li class=\"choice-4 depth-1\"><input type=\"checkbox\" id=\"wpforms-15817-field_3_4\" name=\"wpforms[fields][3][]\" value=\"Inspecci\u00f3n satisfactoria de la instalaci\u00f3n del producto\" aria-errormessage=\"wpforms-15817-field_3_4-error\" aria-describedby=\"wpforms-15817-field_3-description\" required ><label class=\"wpforms-field-label-inline\" for=\"wpforms-15817-field_3_4\">Inspecci\u00f3n satisfactoria de la instalaci\u00f3n del producto<\/label><\/li><li class=\"choice-5 depth-1\"><input type=\"checkbox\" id=\"wpforms-15817-field_3_5\" name=\"wpforms[fields][3][]\" value=\"Instalaci\u00f3n satisfactoria  de cables de tensar con 12 tornillos de agarres entre el cobertizo y el piso\" aria-errormessage=\"wpforms-15817-field_3_5-error\" aria-describedby=\"wpforms-15817-field_3-description\" required ><label class=\"wpforms-field-label-inline\" for=\"wpforms-15817-field_3_5\">Instalaci\u00f3n satisfactoria  de cables de tensar con 12 tornillos de agarres entre el cobertizo y el piso<\/label><\/li><li class=\"choice-6 depth-1\"><input type=\"checkbox\" id=\"wpforms-15817-field_3_6\" name=\"wpforms[fields][3][]\" value=\"Inspecci\u00f3n e instalaci\u00f3n de l\u00e1mpara solar de estar incluida en el producto\" aria-errormessage=\"wpforms-15817-field_3_6-error\" aria-describedby=\"wpforms-15817-field_3-description\" required ><label class=\"wpforms-field-label-inline\" for=\"wpforms-15817-field_3_6\">Inspecci\u00f3n e instalaci\u00f3n de l\u00e1mpara solar de estar incluida en el producto<\/label><\/li><li class=\"choice-7 depth-1\"><input type=\"checkbox\" id=\"wpforms-15817-field_3_7\" name=\"wpforms[fields][3][]\" value=\"Inspecci\u00f3n de la instalaci\u00f3n de cables de tensar\" aria-errormessage=\"wpforms-15817-field_3_7-error\" aria-describedby=\"wpforms-15817-field_3-description\" required ><label class=\"wpforms-field-label-inline\" for=\"wpforms-15817-field_3_7\">Inspecci\u00f3n de la instalaci\u00f3n de cables de tensar<\/label><\/li><li class=\"choice-8 depth-1\"><input type=\"checkbox\" id=\"wpforms-15817-field_3_8\" name=\"wpforms[fields][3][]\" value=\"Recogido y limpieza\u00a0del area de instalaci\u00f3n\" aria-errormessage=\"wpforms-15817-field_3_8-error\" aria-describedby=\"wpforms-15817-field_3-description\" required ><label class=\"wpforms-field-label-inline\" for=\"wpforms-15817-field_3_8\">Recogido y limpieza\u00a0del area de instalaci\u00f3n<\/label><\/li><li class=\"choice-10 depth-1\"><input type=\"checkbox\" id=\"wpforms-15817-field_3_10\" name=\"wpforms[fields][3][]\" value=\"Entrega del producto:  Recib\u00ed y acepto el producto en buen estado de su empaque y sellado\" aria-errormessage=\"wpforms-15817-field_3_10-error\" aria-describedby=\"wpforms-15817-field_3-description\" required ><label class=\"wpforms-field-label-inline\" for=\"wpforms-15817-field_3_10\">Entrega del producto:  Recib\u00ed y acepto el producto en buen estado de su empaque y sellado<\/label><\/li><\/ul><div id=\"wpforms-15817-field_3-description\" class=\"wpforms-field-description\">Favor de inspecionar y aprobar estado de materiales, trabajo de instalacion y leer las guias de seguridad.<\/div><\/fieldset><\/div><div id=\"wpforms-15817-field_2-container\" class=\"wpforms-field wpforms-field-textarea\" data-field-id=\"2\"><label class=\"wpforms-field-label\" for=\"wpforms-15817-field_2\">Comentarios<\/label><textarea id=\"wpforms-15817-field_2\" class=\"wpforms-field-medium\" name=\"wpforms[fields][2]\" aria-errormessage=\"wpforms-15817-field_2-error\" ><\/textarea><\/div><\/div><!-- .wpforms-field-container --><div class=\"wpforms-submit-container\" ><input type=\"hidden\" name=\"wpforms[id]\" value=\"15817\"><input type=\"hidden\" name=\"page_title\" value=\"\"><input type=\"hidden\" name=\"page_url\" value=\"https:\/\/prsheds.com\/en\/wp-json\/wp\/v2\/pages\/15613\"><input type=\"hidden\" name=\"url_referer\" value=\"\"><button type=\"submit\" name=\"wpforms[submit]\" id=\"wpforms-submit-15817\" class=\"wpforms-submit\" data-alt-text=\"Enviando...\" data-submit-text=\"DE ACUERDO\" aria-live=\"assertive\" value=\"wpforms-submit\">DE ACUERDO<\/button><img decoding=\"async\" src=\"https:\/\/prsheds.com\/wp-content\/plugins\/wpforms-lite\/assets\/images\/submit-spin.svg\" class=\"wpforms-submit-spinner\" style=\"display: none;\" width=\"26\" height=\"26\" alt=\"Loading\"><\/div><\/form><\/div>  <!-- .wpforms-container --><\/div><\/div><\/div><\/div><\/strong><\/p>\n<\/div>","protected":false},"excerpt":{"rendered":"<p>Gu\u00edas de Seguridad El cobertizo est\u00e1 dise\u00f1ado \u00fanicamente para fines de almacenamiento. No est\u00e1 dise\u00f1ado para ser habitado. Se recomienda enf\u00e1ticamente asegurar el cobertizo a un objeto inamovible o anclarlo a la tierra perforando agujeros en el piso del cobertizo en las ubicaciones previamente marcadas e insertando los tornillos adecuados en el suelo (los tornillos [&hellip;]<\/p>\n","protected":false},"author":3,"featured_media":0,"parent":0,"menu_order":0,"comment_status":"closed","ping_status":"closed","template":"","meta":{"_coblocks_attr":"","_coblocks_dimensions":"","_coblocks_responsive_height":"","_coblocks_accordion_ie_support":"","rs_blank_template":"","rs_page_bg_color":"","slide_template_v7":"","_themeisle_gutenberg_block_has_review":false,"footnotes":""},"class_list":["post-15613","page","type-page","status-publish","hentry"],"yoast_head":"<!-- This site is optimized with the Yoast SEO plugin v27.5 - https:\/\/yoast.com\/product\/yoast-seo-wordpress\/ -->\n<title>Certificaci\u00f3n Instalaci\u00f3n-Entrega - prsheds.com<\/title>\n<meta name=\"robots\" content=\"index, follow, max-snippet:-1, max-image-preview:large, max-video-preview:-1\" \/>\n<link rel=\"canonical\" href=\"https:\/\/prsheds.com\/en\/certificacion-instalacion\/\" \/>\n<meta property=\"og:locale\" content=\"en_US\" \/>\n<meta property=\"og:type\" content=\"article\" \/>\n<meta property=\"og:title\" content=\"Certificaci\u00f3n Instalaci\u00f3n-Entrega - prsheds.com\" \/>\n<meta property=\"og:description\" content=\"Gu\u00edas de Seguridad El cobertizo est\u00e1 dise\u00f1ado \u00fanicamente para fines de almacenamiento. No est\u00e1 dise\u00f1ado para ser habitado. Se recomienda enf\u00e1ticamente asegurar el cobertizo a un objeto inamovible o anclarlo a la tierra perforando agujeros en el piso del cobertizo en las ubicaciones previamente marcadas e insertando los tornillos adecuados en el suelo (los tornillos [&hellip;]\" \/>\n<meta property=\"og:url\" content=\"https:\/\/prsheds.com\/en\/certificacion-instalacion\/\" \/>\n<meta property=\"og:site_name\" content=\"prsheds.com\" \/>\n<meta property=\"article:modified_time\" content=\"2023-11-20T20:58:17+00:00\" \/>\n<meta name=\"twitter:card\" content=\"summary_large_image\" \/>\n<meta name=\"twitter:label1\" content=\"Est. reading time\" \/>\n\t<meta name=\"twitter:data1\" content=\"1 minute\" \/>\n<script type=\"application\/ld+json\" class=\"yoast-schema-graph\">{\"@context\":\"https:\\\/\\\/schema.org\",\"@graph\":[{\"@type\":\"WebPage\",\"@id\":\"https:\\\/\\\/prsheds.com\\\/certificacion-instalacion\\\/\",\"url\":\"https:\\\/\\\/prsheds.com\\\/certificacion-instalacion\\\/\",\"name\":\"Certificaci\u00f3n Instalaci\u00f3n-Entrega - prsheds.com\",\"isPartOf\":{\"@id\":\"https:\\\/\\\/prsheds.com\\\/#website\"},\"datePublished\":\"2023-09-24T15:12:26+00:00\",\"dateModified\":\"2023-11-20T20:58:17+00:00\",\"breadcrumb\":{\"@id\":\"https:\\\/\\\/prsheds.com\\\/certificacion-instalacion\\\/#breadcrumb\"},\"inLanguage\":\"en-US\",\"potentialAction\":[{\"@type\":\"ReadAction\",\"target\":[\"https:\\\/\\\/prsheds.com\\\/certificacion-instalacion\\\/\"]}]},{\"@type\":\"BreadcrumbList\",\"@id\":\"https:\\\/\\\/prsheds.com\\\/certificacion-instalacion\\\/#breadcrumb\",\"itemListElement\":[{\"@type\":\"ListItem\",\"position\":1,\"name\":\"Home\",\"item\":\"https:\\\/\\\/prsheds.com\\\/\"},{\"@type\":\"ListItem\",\"position\":2,\"name\":\"Certificaci\u00f3n Instalaci\u00f3n-Entrega\"}]},{\"@type\":\"WebSite\",\"@id\":\"https:\\\/\\\/prsheds.com\\\/#website\",\"url\":\"https:\\\/\\\/prsheds.com\\\/\",\"name\":\"prsheds.com\",\"description\":\"prsheds.com\",\"potentialAction\":[{\"@type\":\"SearchAction\",\"target\":{\"@type\":\"EntryPoint\",\"urlTemplate\":\"https:\\\/\\\/prsheds.com\\\/?s={search_term_string}\"},\"query-input\":{\"@type\":\"PropertyValueSpecification\",\"valueRequired\":true,\"valueName\":\"search_term_string\"}}],\"inLanguage\":\"en-US\"}]}<\/script>\n<!-- \/ Yoast SEO plugin. -->","yoast_head_json":{"title":"Certificaci\u00f3n Instalaci\u00f3n-Entrega - prsheds.com","robots":{"index":"index","follow":"follow","max-snippet":"max-snippet:-1","max-image-preview":"max-image-preview:large","max-video-preview":"max-video-preview:-1"},"canonical":"https:\/\/prsheds.com\/en\/certificacion-instalacion\/","og_locale":"en_US","og_type":"article","og_title":"Certificaci\u00f3n Instalaci\u00f3n-Entrega - prsheds.com","og_description":"Gu\u00edas de Seguridad El cobertizo est\u00e1 dise\u00f1ado \u00fanicamente para fines de almacenamiento. No est\u00e1 dise\u00f1ado para ser habitado. Se recomienda enf\u00e1ticamente asegurar el cobertizo a un objeto inamovible o anclarlo a la tierra perforando agujeros en el piso del cobertizo en las ubicaciones previamente marcadas e insertando los tornillos adecuados en el suelo (los tornillos [&hellip;]","og_url":"https:\/\/prsheds.com\/en\/certificacion-instalacion\/","og_site_name":"prsheds.com","article_modified_time":"2023-11-20T20:58:17+00:00","twitter_card":"summary_large_image","twitter_misc":{"Est. reading time":"1 minute"},"schema":{"@context":"https:\/\/schema.org","@graph":[{"@type":"WebPage","@id":"https:\/\/prsheds.com\/certificacion-instalacion\/","url":"https:\/\/prsheds.com\/certificacion-instalacion\/","name":"Certificaci\u00f3n Instalaci\u00f3n-Entrega - prsheds.com","isPartOf":{"@id":"https:\/\/prsheds.com\/#website"},"datePublished":"2023-09-24T15:12:26+00:00","dateModified":"2023-11-20T20:58:17+00:00","breadcrumb":{"@id":"https:\/\/prsheds.com\/certificacion-instalacion\/#breadcrumb"},"inLanguage":"en-US","potentialAction":[{"@type":"ReadAction","target":["https:\/\/prsheds.com\/certificacion-instalacion\/"]}]},{"@type":"BreadcrumbList","@id":"https:\/\/prsheds.com\/certificacion-instalacion\/#breadcrumb","itemListElement":[{"@type":"ListItem","position":1,"name":"Home","item":"https:\/\/prsheds.com\/"},{"@type":"ListItem","position":2,"name":"Certificaci\u00f3n Instalaci\u00f3n-Entrega"}]},{"@type":"WebSite","@id":"https:\/\/prsheds.com\/#website","url":"https:\/\/prsheds.com\/","name":"prsheds.com","description":"prsheds.com","potentialAction":[{"@type":"SearchAction","target":{"@type":"EntryPoint","urlTemplate":"https:\/\/prsheds.com\/?s={search_term_string}"},"query-input":{"@type":"PropertyValueSpecification","valueRequired":true,"valueName":"search_term_string"}}],"inLanguage":"en-US"}]}},"jetpack_sharing_enabled":true,"brizy_media":[],"_links":{"self":[{"href":"https:\/\/prsheds.com\/en\/wp-json\/wp\/v2\/pages\/15613","targetHints":{"allow":["GET"]}}],"collection":[{"href":"https:\/\/prsheds.com\/en\/wp-json\/wp\/v2\/pages"}],"about":[{"href":"https:\/\/prsheds.com\/en\/wp-json\/wp\/v2\/types\/page"}],"author":[{"embeddable":true,"href":"https:\/\/prsheds.com\/en\/wp-json\/wp\/v2\/users\/3"}],"replies":[{"embeddable":true,"href":"https:\/\/prsheds.com\/en\/wp-json\/wp\/v2\/comments?post=15613"}],"version-history":[{"count":5,"href":"https:\/\/prsheds.com\/en\/wp-json\/wp\/v2\/pages\/15613\/revisions"}],"predecessor-version":[{"id":15944,"href":"https:\/\/prsheds.com\/en\/wp-json\/wp\/v2\/pages\/15613\/revisions\/15944"}],"wp:attachment":[{"href":"https:\/\/prsheds.com\/en\/wp-json\/wp\/v2\/media?parent=15613"}],"curies":[{"name":"wp","href":"https:\/\/api.w.org\/{rel}","templated":true}]}}