{"id":15610,"date":"2023-09-24T15:10:42","date_gmt":"2023-09-24T15:10:42","guid":{"rendered":"https:\/\/prsheds.com\/?page_id=15610"},"modified":"2023-12-26T20:21:31","modified_gmt":"2023-12-26T20:21:31","slug":"politicas","status":"publish","type":"page","link":"https:\/\/prsheds.com\/en\/politicas\/","title":{"rendered":"Policies"},"content":{"rendered":"<h3><strong>Delivery and installation policy<\/strong><\/h3>\n<ul>\n<li><strong>We confirm deliveries before the shipping date<\/strong><\/li>\n<li><strong>In or before 24 hours we will contact you to coordinate a delivery date.<\/strong><\/li>\n<li><strong>All cancellations must be made 24 hours before the assigned date.<\/strong><\/li>\n<li><strong>If it is canceled after being already en route, a cost of $100.00 will be charged for a second delivery.<\/strong><\/li>\n<li><strong>De no poder ser recibido nuestro personal para realizar la entrega y\/o instalaci\u00f3n se cobrar\u00e1\u00a0 un cargo $100.00 de una pr\u00f3xima entrega.<\/strong><\/li>\n<li><strong>It is the customer&#039;s responsibility to verify the good condition of the delivered product, materials and installation, if this was included in the order.<\/strong><\/li>\n<li><strong>Our installations are guaranteed for 90 days after the installation date.<\/strong><\/li>\n<\/ul>\n<h3><strong>Safety Guides when assembling the product<\/strong><\/h3>\n<ul>\n<li><strong>When assembling or handling the shed, use only the tools listed in the user manual.<\/strong><\/li>\n<\/ul>\n<ul>\n<li><strong>Always follow instructions and wear work gloves, safety glasses, and long sleeves when setting up or performing any maintenance on your shed.<\/strong><\/li>\n<li><strong>Be careful when handling steel-edged parts.<\/strong><\/li>\n<li><strong>It is highly recommended to secure the shed to an immovable object or anchor it to the ground by drilling holes in the floor of the shed<\/strong> <strong>in the previously marked locations and inserting the appropriate screws into the ground (screws are not included).<\/strong><\/li>\n<\/ul>\n<h3><strong>. Guides Product maintenance and care<\/strong><\/h3>\n<ul>\n<li><strong>Wash the shed with a garden hose or mild detergent solution. Do not use metal brushes or abrasive cleaning materials, including degreasers and oil- or acetone-based products, which may stain or damage the shed.<\/strong><\/li>\n<li><strong>Do not store hot items such as grills, recently used torches, and volatile chemical items in the shed.<\/strong><\/li>\n<li><strong>Avoid placing heavy objects against walls as this can cause distortion.<\/strong><\/li>\n<li><strong>Don&#039;t stand on the roof.<\/strong><\/li>\n<li><strong>Avoid using a cord trimmer or mechanical lawn mower near shed walls.<\/strong><\/li>\n<li><strong>It is a good idea to periodically check the shed to make sure it is stable and the site is level.<\/strong><\/li>\n<\/ul>\n<h3><strong>\u00a0\u00a0 Warning<\/strong><\/h3>\n<ul>\n<li><strong>This shed is designed for storage purposes only. It is not designed to be inhabited.<\/strong><\/li>\n<\/ul>","protected":false},"excerpt":{"rendered":"<p>Pol\u00edtica de entrega e instalaci\u00f3n Confirmamos las entregas antes de la fecha de envi\u00f3 En o antes de 24 horas nos comunicaremos para coordinar fecha de entrega Toda cancelaci\u00f3n debe realizarse 24 horas antes de la fecha asignada. De ser cancelada luego de estar ya en ruta se cobrar\u00e1 un costo de $100.00 por una [&hellip;]<\/p>\n","protected":false},"author":3,"featured_media":0,"parent":0,"menu_order":0,"comment_status":"closed","ping_status":"closed","template":"","meta":{"_coblocks_attr":"","_coblocks_dimensions":"","_coblocks_responsive_height":"","_coblocks_accordion_ie_support":"","rs_blank_template":"","rs_page_bg_color":"","slide_template_v7":"","_themeisle_gutenberg_block_has_review":false,"footnotes":""},"class_list":["post-15610","page","type-page","status-publish","hentry"],"yoast_head":"<!-- This site is optimized with the Yoast SEO plugin v27.5 - https:\/\/yoast.com\/product\/yoast-seo-wordpress\/ -->\n<title>Pol\u00edticas - prsheds.com<\/title>\n<meta name=\"robots\" content=\"index, follow, max-snippet:-1, max-image-preview:large, max-video-preview:-1\" \/>\n<link rel=\"canonical\" href=\"https:\/\/prsheds.com\/en\/politicas\/\" \/>\n<meta property=\"og:locale\" content=\"en_US\" \/>\n<meta property=\"og:type\" content=\"article\" \/>\n<meta property=\"og:title\" content=\"Pol\u00edticas - prsheds.com\" \/>\n<meta property=\"og:description\" content=\"Pol\u00edtica de entrega e instalaci\u00f3n Confirmamos las entregas antes de la fecha de envi\u00f3 En o antes de 24 horas nos comunicaremos para coordinar fecha de entrega Toda cancelaci\u00f3n debe realizarse 24 horas antes de la fecha asignada. De ser cancelada luego de estar ya en ruta se cobrar\u00e1 un costo de $100.00 por una [&hellip;]\" \/>\n<meta property=\"og:url\" content=\"https:\/\/prsheds.com\/en\/politicas\/\" \/>\n<meta property=\"og:site_name\" content=\"prsheds.com\" \/>\n<meta property=\"article:modified_time\" content=\"2023-12-26T20:21:31+00:00\" \/>\n<meta name=\"twitter:card\" content=\"summary_large_image\" \/>\n<meta name=\"twitter:label1\" content=\"Est. reading time\" \/>\n\t<meta name=\"twitter:data1\" content=\"2 minutes\" \/>\n<script type=\"application\/ld+json\" class=\"yoast-schema-graph\">{\"@context\":\"https:\\\/\\\/schema.org\",\"@graph\":[{\"@type\":\"WebPage\",\"@id\":\"https:\\\/\\\/prsheds.com\\\/politicas\\\/\",\"url\":\"https:\\\/\\\/prsheds.com\\\/politicas\\\/\",\"name\":\"Pol\u00edticas - prsheds.com\",\"isPartOf\":{\"@id\":\"https:\\\/\\\/prsheds.com\\\/#website\"},\"datePublished\":\"2023-09-24T15:10:42+00:00\",\"dateModified\":\"2023-12-26T20:21:31+00:00\",\"breadcrumb\":{\"@id\":\"https:\\\/\\\/prsheds.com\\\/politicas\\\/#breadcrumb\"},\"inLanguage\":\"en-US\",\"potentialAction\":[{\"@type\":\"ReadAction\",\"target\":[\"https:\\\/\\\/prsheds.com\\\/politicas\\\/\"]}]},{\"@type\":\"BreadcrumbList\",\"@id\":\"https:\\\/\\\/prsheds.com\\\/politicas\\\/#breadcrumb\",\"itemListElement\":[{\"@type\":\"ListItem\",\"position\":1,\"name\":\"Home\",\"item\":\"https:\\\/\\\/prsheds.com\\\/\"},{\"@type\":\"ListItem\",\"position\":2,\"name\":\"Pol\u00edticas\"}]},{\"@type\":\"WebSite\",\"@id\":\"https:\\\/\\\/prsheds.com\\\/#website\",\"url\":\"https:\\\/\\\/prsheds.com\\\/\",\"name\":\"prsheds.com\",\"description\":\"prsheds.com\",\"potentialAction\":[{\"@type\":\"SearchAction\",\"target\":{\"@type\":\"EntryPoint\",\"urlTemplate\":\"https:\\\/\\\/prsheds.com\\\/?s={search_term_string}\"},\"query-input\":{\"@type\":\"PropertyValueSpecification\",\"valueRequired\":true,\"valueName\":\"search_term_string\"}}],\"inLanguage\":\"en-US\"}]}<\/script>\n<!-- \/ Yoast SEO plugin. -->","yoast_head_json":{"title":"Pol\u00edticas - prsheds.com","robots":{"index":"index","follow":"follow","max-snippet":"max-snippet:-1","max-image-preview":"max-image-preview:large","max-video-preview":"max-video-preview:-1"},"canonical":"https:\/\/prsheds.com\/en\/politicas\/","og_locale":"en_US","og_type":"article","og_title":"Pol\u00edticas - prsheds.com","og_description":"Pol\u00edtica de entrega e instalaci\u00f3n Confirmamos las entregas antes de la fecha de envi\u00f3 En o antes de 24 horas nos comunicaremos para coordinar fecha de entrega Toda cancelaci\u00f3n debe realizarse 24 horas antes de la fecha asignada. De ser cancelada luego de estar ya en ruta se cobrar\u00e1 un costo de $100.00 por una [&hellip;]","og_url":"https:\/\/prsheds.com\/en\/politicas\/","og_site_name":"prsheds.com","article_modified_time":"2023-12-26T20:21:31+00:00","twitter_card":"summary_large_image","twitter_misc":{"Est. reading time":"2 minutes"},"schema":{"@context":"https:\/\/schema.org","@graph":[{"@type":"WebPage","@id":"https:\/\/prsheds.com\/politicas\/","url":"https:\/\/prsheds.com\/politicas\/","name":"Pol\u00edticas - prsheds.com","isPartOf":{"@id":"https:\/\/prsheds.com\/#website"},"datePublished":"2023-09-24T15:10:42+00:00","dateModified":"2023-12-26T20:21:31+00:00","breadcrumb":{"@id":"https:\/\/prsheds.com\/politicas\/#breadcrumb"},"inLanguage":"en-US","potentialAction":[{"@type":"ReadAction","target":["https:\/\/prsheds.com\/politicas\/"]}]},{"@type":"BreadcrumbList","@id":"https:\/\/prsheds.com\/politicas\/#breadcrumb","itemListElement":[{"@type":"ListItem","position":1,"name":"Home","item":"https:\/\/prsheds.com\/"},{"@type":"ListItem","position":2,"name":"Pol\u00edticas"}]},{"@type":"WebSite","@id":"https:\/\/prsheds.com\/#website","url":"https:\/\/prsheds.com\/","name":"prsheds.com","description":"prsheds.com","potentialAction":[{"@type":"SearchAction","target":{"@type":"EntryPoint","urlTemplate":"https:\/\/prsheds.com\/?s={search_term_string}"},"query-input":{"@type":"PropertyValueSpecification","valueRequired":true,"valueName":"search_term_string"}}],"inLanguage":"en-US"}]}},"jetpack_sharing_enabled":true,"brizy_media":[],"_links":{"self":[{"href":"https:\/\/prsheds.com\/en\/wp-json\/wp\/v2\/pages\/15610","targetHints":{"allow":["GET"]}}],"collection":[{"href":"https:\/\/prsheds.com\/en\/wp-json\/wp\/v2\/pages"}],"about":[{"href":"https:\/\/prsheds.com\/en\/wp-json\/wp\/v2\/types\/page"}],"author":[{"embeddable":true,"href":"https:\/\/prsheds.com\/en\/wp-json\/wp\/v2\/users\/3"}],"replies":[{"embeddable":true,"href":"https:\/\/prsheds.com\/en\/wp-json\/wp\/v2\/comments?post=15610"}],"version-history":[{"count":9,"href":"https:\/\/prsheds.com\/en\/wp-json\/wp\/v2\/pages\/15610\/revisions"}],"predecessor-version":[{"id":15971,"href":"https:\/\/prsheds.com\/en\/wp-json\/wp\/v2\/pages\/15610\/revisions\/15971"}],"wp:attachment":[{"href":"https:\/\/prsheds.com\/en\/wp-json\/wp\/v2\/media?parent=15610"}],"curies":[{"name":"wp","href":"https:\/\/api.w.org\/{rel}","templated":true}]}}