{"id":15604,"date":"2023-09-24T15:05:39","date_gmt":"2023-09-24T15:05:39","guid":{"rendered":"https:\/\/prsheds.com\/?page_id=15604"},"modified":"2023-12-27T01:59:12","modified_gmt":"2023-12-27T01:59:12","slug":"prsheds-casitas-de-patio-almacenaje","status":"publish","type":"page","link":"https:\/\/prsheds.com\/en\/prsheds-casitas-de-patio-almacenaje\/","title":{"rendered":"About us"},"content":{"rendered":"<div class=\"wpb-content-wrapper\"><p>\u00a0<\/p>\n<p><img data-recalc-dims=\"1\" fetchpriority=\"high\" decoding=\"async\" class=\"aligncenter wp-image-15769\" title=\"CASITA DE PATIO PR SHEDS LOGO\" src=\"https:\/\/i0.wp.com\/prsheds.com\/wp-content\/uploads\/2016\/05\/LOGO-PR-SHEDS.png?resize=755%2C332&ssl=1\" alt=\"CASITA DE PATIO PR SHEDS\" width=\"755\" height=\"332\" srcset=\"https:\/\/i0.wp.com\/prsheds.com\/wp-content\/uploads\/2016\/05\/LOGO-PR-SHEDS.png?resize=300%2C132&ssl=1 300w, https:\/\/i0.wp.com\/prsheds.com\/wp-content\/uploads\/2016\/05\/LOGO-PR-SHEDS.png?resize=600%2C264&ssl=1 600w, https:\/\/i0.wp.com\/prsheds.com\/wp-content\/uploads\/2016\/05\/LOGO-PR-SHEDS.png?resize=768%2C338&ssl=1 768w, https:\/\/i0.wp.com\/prsheds.com\/wp-content\/uploads\/2016\/05\/LOGO-PR-SHEDS.png?resize=750%2C330&ssl=1 750w, https:\/\/i0.wp.com\/prsheds.com\/wp-content\/uploads\/2016\/05\/LOGO-PR-SHEDS.png?resize=540%2C237&ssl=1 540w, https:\/\/i0.wp.com\/prsheds.com\/wp-content\/uploads\/2016\/05\/LOGO-PR-SHEDS.png?resize=100%2C44&ssl=1 100w, https:\/\/i0.wp.com\/prsheds.com\/wp-content\/uploads\/2016\/05\/LOGO-PR-SHEDS.png?w=787&ssl=1 787w\" sizes=\"(max-width: 755px) 100vw, 755px\" \/><\/p>\n<div class=\"vc_row wpb_row vc_row-fluid\"><div class=\"wpb_column vc_column_container vc_col-sm-12\"><div class=\"vc_column-inner\"><div class=\"wpb_wrapper\">\r\n\t<div class=\"wpb_text_column wpb_content_element\" >\r\n\t\t<div class=\"wpb_wrapper\">\r\n\t\t\t<p><strong>PR Sheds<\/strong> es una empresa puertorrique\u00f1a confiable dedicada a la venta e instalaci\u00f3n de casitas de patio con alternativas inteligentes. Adem\u00e1s, nuestras opciones son elegantes y c\u00f3modas, buscando satisfacer la necesidad de espacio de almacenamiento de todos nuestros clientes<\/p>\n<p><strong>Our products are fully integrated into the environment of the spaces.<\/strong><\/p>\n<p><strong>Beneficios de adquirir una casita de Patio<\/strong><\/p>\n<ul>\n<li>Organizaci\u00f3n: Un almac\u00e9n de espacio en casa te ayuda a mantener ordenadas tus pertenencias, facilitando la b\u00fasqueda y evitando el desorden.<\/li>\n<li>Aprovechamiento del Espacio: Optimiza el uso de tu espacio disponible, permiti\u00e9ndote liberar \u00e1reas y almacenar de manera m\u00e1s productiva y eficiente.<\/li>\n<li>\u00a0Facilita la Vida Diaria: Con un sistema organizado, encuentras f\u00e1cilmente lo que necesitas y ahorras tiempo en la b\u00fasqueda de objetos.<\/li>\n<li>Estilo de Vida Minimalista: Si buscas adoptar un estilo minimalista, una Casita te ayuda a mantener \u00a0lo necesario y deshacerte de lo superfluo.<\/li>\n<li>Protecci\u00f3n de Pertrechos: Guarda tus pertenencias de forma segura, protegi\u00e9ndolas contra el polvo, la humedad y otros factores que puedan da\u00f1arlas.<\/li>\n<\/ul>\n<div><\/div>\n<div>Un sistema de almacenamiento para tu hogar te brinda orden, eficiencia y comodidad, contribuyendo a un entorno armonioso y funcional.<\/div>\n<p>\u00a0<\/p>\n<p><strong>Ventajas de nuestras casitas de patio<\/strong><\/p>\n<ul>\n<li>Fuertes y duraderas<\/li>\n<li>Grano de madera simulado<\/li>\n<li>Sencillez y Frescura<\/li>\n<li>Facilidad de montaje<\/li>\n<li>Materiales ecol\u00f3gicos<\/li>\n<li>Excelente resistencia a la humedad<\/li>\n<li>Resistencia a la corrosi\u00f3n para una f\u00e1cil limpieza<\/li>\n<li>\u00a0Tecnolog\u00eda patentada DBB KC<\/li>\n<li>Pl\u00e1stico con un espesor de 16 mm baja densidad, peso ligero y fuerte capacidad de tensi\u00f3n<\/li>\n<\/ul>\n\r\n\t\t<\/div>\r\n\t<\/div>\r\n<\/div><\/div><\/div><\/div>\n<\/div>","protected":false},"excerpt":{"rendered":"<p>\u00a0 PR Sheds es una empresa puertorrique\u00f1a confiable dedicada a la venta e instalaci\u00f3n de casitas de patio con alternativas inteligentes. Adem\u00e1s, nuestras opciones son elegantes y c\u00f3modas, buscando satisfacer la necesidad de espacio de almacenamiento de todos nuestros clientes Nuestros productos se integran plenamente al entorno de los espacios. Beneficios de adquirir una casita [&hellip;]<\/p>\n","protected":false},"author":3,"featured_media":0,"parent":0,"menu_order":0,"comment_status":"closed","ping_status":"closed","template":"","meta":{"_coblocks_attr":"","_coblocks_dimensions":"","_coblocks_responsive_height":"","_coblocks_accordion_ie_support":"","rs_blank_template":"","rs_page_bg_color":"","slide_template_v7":"","_themeisle_gutenberg_block_has_review":false,"footnotes":""},"class_list":["post-15604","page","type-page","status-publish","hentry"],"yoast_head":"<!-- This site is optimized with the Yoast SEO plugin v27.5 - https:\/\/yoast.com\/product\/yoast-seo-wordpress\/ -->\n<title>Casitas de Patio para almacenamiento - Quienes Somos - prsheds.com<\/title>\n<meta name=\"description\" content=\"PR Sheds es una empresa dedicada a la venta e instalaci\u00f3n de casitas de patio con alternativas inteligentes, elegantes y c\u00f3modas.\" \/>\n<meta name=\"robots\" content=\"index, follow, max-snippet:-1, max-image-preview:large, max-video-preview:-1\" \/>\n<link rel=\"canonical\" href=\"https:\/\/prsheds.com\/en\/prsheds-casitas-de-patio-almacenaje\/\" \/>\n<meta property=\"og:locale\" content=\"en_US\" \/>\n<meta property=\"og:type\" content=\"article\" \/>\n<meta property=\"og:title\" content=\"Casitas de Patio para almacenamiento - Quienes Somos - prsheds.com\" \/>\n<meta property=\"og:description\" content=\"PR Sheds es una empresa dedicada a la venta e instalaci\u00f3n de casitas de patio con alternativas inteligentes, elegantes y c\u00f3modas.\" \/>\n<meta property=\"og:url\" content=\"https:\/\/prsheds.com\/en\/prsheds-casitas-de-patio-almacenaje\/\" \/>\n<meta property=\"og:site_name\" content=\"prsheds.com\" \/>\n<meta property=\"article:modified_time\" content=\"2023-12-27T01:59:12+00:00\" \/>\n<meta property=\"og:image\" content=\"https:\/\/prsheds.com\/wp-content\/uploads\/2016\/05\/LOGO-PR-SHEDS-300x132.png\" \/>\n<meta name=\"twitter:card\" content=\"summary_large_image\" \/>\n<meta name=\"twitter:label1\" content=\"Est. reading time\" \/>\n\t<meta name=\"twitter:data1\" content=\"2 minutes\" \/>\n<script type=\"application\/ld+json\" class=\"yoast-schema-graph\">{\"@context\":\"https:\\\/\\\/schema.org\",\"@graph\":[{\"@type\":\"WebPage\",\"@id\":\"https:\\\/\\\/prsheds.com\\\/prsheds-casitas-de-patio-almacenaje\\\/\",\"url\":\"https:\\\/\\\/prsheds.com\\\/prsheds-casitas-de-patio-almacenaje\\\/\",\"name\":\"Casitas de Patio para almacenamiento - Quienes Somos - prsheds.com\",\"isPartOf\":{\"@id\":\"https:\\\/\\\/prsheds.com\\\/#website\"},\"primaryImageOfPage\":{\"@id\":\"https:\\\/\\\/prsheds.com\\\/prsheds-casitas-de-patio-almacenaje\\\/#primaryimage\"},\"image\":{\"@id\":\"https:\\\/\\\/prsheds.com\\\/prsheds-casitas-de-patio-almacenaje\\\/#primaryimage\"},\"thumbnailUrl\":\"https:\\\/\\\/prsheds.com\\\/wp-content\\\/uploads\\\/2016\\\/05\\\/LOGO-PR-SHEDS-300x132.png\",\"datePublished\":\"2023-09-24T15:05:39+00:00\",\"dateModified\":\"2023-12-27T01:59:12+00:00\",\"description\":\"PR Sheds es una empresa dedicada a la venta e instalaci\u00f3n de casitas de patio con alternativas inteligentes, elegantes y c\u00f3modas.\",\"breadcrumb\":{\"@id\":\"https:\\\/\\\/prsheds.com\\\/prsheds-casitas-de-patio-almacenaje\\\/#breadcrumb\"},\"inLanguage\":\"en-US\",\"potentialAction\":[{\"@type\":\"ReadAction\",\"target\":[\"https:\\\/\\\/prsheds.com\\\/prsheds-casitas-de-patio-almacenaje\\\/\"]}]},{\"@type\":\"ImageObject\",\"inLanguage\":\"en-US\",\"@id\":\"https:\\\/\\\/prsheds.com\\\/prsheds-casitas-de-patio-almacenaje\\\/#primaryimage\",\"url\":\"https:\\\/\\\/prsheds.com\\\/wp-content\\\/uploads\\\/2016\\\/05\\\/LOGO-PR-SHEDS-300x132.png\",\"contentUrl\":\"https:\\\/\\\/prsheds.com\\\/wp-content\\\/uploads\\\/2016\\\/05\\\/LOGO-PR-SHEDS-300x132.png\"},{\"@type\":\"BreadcrumbList\",\"@id\":\"https:\\\/\\\/prsheds.com\\\/prsheds-casitas-de-patio-almacenaje\\\/#breadcrumb\",\"itemListElement\":[{\"@type\":\"ListItem\",\"position\":1,\"name\":\"Home\",\"item\":\"https:\\\/\\\/prsheds.com\\\/\"},{\"@type\":\"ListItem\",\"position\":2,\"name\":\"Quienes Somos\"}]},{\"@type\":\"WebSite\",\"@id\":\"https:\\\/\\\/prsheds.com\\\/#website\",\"url\":\"https:\\\/\\\/prsheds.com\\\/\",\"name\":\"prsheds.com\",\"description\":\"prsheds.com\",\"potentialAction\":[{\"@type\":\"SearchAction\",\"target\":{\"@type\":\"EntryPoint\",\"urlTemplate\":\"https:\\\/\\\/prsheds.com\\\/?s={search_term_string}\"},\"query-input\":{\"@type\":\"PropertyValueSpecification\",\"valueRequired\":true,\"valueName\":\"search_term_string\"}}],\"inLanguage\":\"en-US\"}]}<\/script>\n<!-- \/ Yoast SEO plugin. -->","yoast_head_json":{"title":"Casitas de Patio para almacenamiento - Quienes Somos - prsheds.com","description":"PR Sheds es una empresa dedicada a la venta e instalaci\u00f3n de casitas de patio con alternativas inteligentes, elegantes y c\u00f3modas.","robots":{"index":"index","follow":"follow","max-snippet":"max-snippet:-1","max-image-preview":"max-image-preview:large","max-video-preview":"max-video-preview:-1"},"canonical":"https:\/\/prsheds.com\/en\/prsheds-casitas-de-patio-almacenaje\/","og_locale":"en_US","og_type":"article","og_title":"Casitas de Patio para almacenamiento - Quienes Somos - prsheds.com","og_description":"PR Sheds es una empresa dedicada a la venta e instalaci\u00f3n de casitas de patio con alternativas inteligentes, elegantes y c\u00f3modas.","og_url":"https:\/\/prsheds.com\/en\/prsheds-casitas-de-patio-almacenaje\/","og_site_name":"prsheds.com","article_modified_time":"2023-12-27T01:59:12+00:00","og_image":[{"url":"https:\/\/prsheds.com\/wp-content\/uploads\/2016\/05\/LOGO-PR-SHEDS-300x132.png","type":"","width":"","height":""}],"twitter_card":"summary_large_image","twitter_misc":{"Est. reading time":"2 minutes"},"schema":{"@context":"https:\/\/schema.org","@graph":[{"@type":"WebPage","@id":"https:\/\/prsheds.com\/prsheds-casitas-de-patio-almacenaje\/","url":"https:\/\/prsheds.com\/prsheds-casitas-de-patio-almacenaje\/","name":"Casitas de Patio para almacenamiento - Quienes Somos - prsheds.com","isPartOf":{"@id":"https:\/\/prsheds.com\/#website"},"primaryImageOfPage":{"@id":"https:\/\/prsheds.com\/prsheds-casitas-de-patio-almacenaje\/#primaryimage"},"image":{"@id":"https:\/\/prsheds.com\/prsheds-casitas-de-patio-almacenaje\/#primaryimage"},"thumbnailUrl":"https:\/\/prsheds.com\/wp-content\/uploads\/2016\/05\/LOGO-PR-SHEDS-300x132.png","datePublished":"2023-09-24T15:05:39+00:00","dateModified":"2023-12-27T01:59:12+00:00","description":"PR Sheds es una empresa dedicada a la venta e instalaci\u00f3n de casitas de patio con alternativas inteligentes, elegantes y c\u00f3modas.","breadcrumb":{"@id":"https:\/\/prsheds.com\/prsheds-casitas-de-patio-almacenaje\/#breadcrumb"},"inLanguage":"en-US","potentialAction":[{"@type":"ReadAction","target":["https:\/\/prsheds.com\/prsheds-casitas-de-patio-almacenaje\/"]}]},{"@type":"ImageObject","inLanguage":"en-US","@id":"https:\/\/prsheds.com\/prsheds-casitas-de-patio-almacenaje\/#primaryimage","url":"https:\/\/prsheds.com\/wp-content\/uploads\/2016\/05\/LOGO-PR-SHEDS-300x132.png","contentUrl":"https:\/\/prsheds.com\/wp-content\/uploads\/2016\/05\/LOGO-PR-SHEDS-300x132.png"},{"@type":"BreadcrumbList","@id":"https:\/\/prsheds.com\/prsheds-casitas-de-patio-almacenaje\/#breadcrumb","itemListElement":[{"@type":"ListItem","position":1,"name":"Home","item":"https:\/\/prsheds.com\/"},{"@type":"ListItem","position":2,"name":"Quienes Somos"}]},{"@type":"WebSite","@id":"https:\/\/prsheds.com\/#website","url":"https:\/\/prsheds.com\/","name":"prsheds.com","description":"prsheds.com","potentialAction":[{"@type":"SearchAction","target":{"@type":"EntryPoint","urlTemplate":"https:\/\/prsheds.com\/?s={search_term_string}"},"query-input":{"@type":"PropertyValueSpecification","valueRequired":true,"valueName":"search_term_string"}}],"inLanguage":"en-US"}]}},"jetpack_sharing_enabled":true,"brizy_media":[],"_links":{"self":[{"href":"https:\/\/prsheds.com\/en\/wp-json\/wp\/v2\/pages\/15604","targetHints":{"allow":["GET"]}}],"collection":[{"href":"https:\/\/prsheds.com\/en\/wp-json\/wp\/v2\/pages"}],"about":[{"href":"https:\/\/prsheds.com\/en\/wp-json\/wp\/v2\/types\/page"}],"author":[{"embeddable":true,"href":"https:\/\/prsheds.com\/en\/wp-json\/wp\/v2\/users\/3"}],"replies":[{"embeddable":true,"href":"https:\/\/prsheds.com\/en\/wp-json\/wp\/v2\/comments?post=15604"}],"version-history":[{"count":17,"href":"https:\/\/prsheds.com\/en\/wp-json\/wp\/v2\/pages\/15604\/revisions"}],"predecessor-version":[{"id":15975,"href":"https:\/\/prsheds.com\/en\/wp-json\/wp\/v2\/pages\/15604\/revisions\/15975"}],"wp:attachment":[{"href":"https:\/\/prsheds.com\/en\/wp-json\/wp\/v2\/media?parent=15604"}],"curies":[{"name":"wp","href":"https:\/\/api.w.org\/{rel}","templated":true}]}}