{"id":15515,"date":"2021-08-05T08:10:19","date_gmt":"2021-08-05T08:10:19","guid":{"rendered":"https:\/\/prsheds.com\/?page_id=15515"},"modified":"2025-09-07T22:10:02","modified_gmt":"2025-09-07T22:10:02","slug":"casitas-de-patio-para-almacenamiento","status":"publish","type":"page","link":"https:\/\/prsheds.com\/en\/","title":{"rendered":"Welcome"},"content":{"rendered":"<div class=\"wpb-content-wrapper\"><div data-vc-full-width=\"true\" data-vc-full-width-init=\"false\" class=\"vc_row wpb_row vc_row-fluid dt-skin-primary-bg vc_custom_1628151267274 vc_row-has-fill\"><div class=\"wpb_column vc_column_container vc_col-sm-12\"><div class=\"vc_column-inner\"><div class=\"wpb_wrapper\"><div class=\"vc_row wpb_row vc_inner vc_row-fluid slider-overlap\"><div class=\"wpb_column vc_column_container vc_col-sm-12\"><div class=\"vc_column-inner\"><div class=\"wpb_wrapper\"><div id=\"1537943330686-e722d27b-7deb\" class=\"dt-sc-empty-space\"><\/div><h1 style=\"color: #0a0a0a;text-align: center\" class=\"vc_custom_heading wpb_animate_when_almost_visible wpb_fadeInDown fadeInDown\">AQUI ESTA TU CASITA DE PATIO DE PRSHEDS LLC<br \/>\nDanos una llamada y contestaremos todas tus preguntas<\/h1>\n\t<div  class=\"wpb_single_image wpb_content_element vc_align_center wpb_content_element wpb_animate_when_almost_visible wpb_fadeInUp fadeInUp\">\n\t\t\n\t\t<figure class=\"wpb_wrapper vc_figure\">\n\t\t\t<div class=\"vc_single_image-wrapper   vc_box_border_grey\"><img data-recalc-dims=\"1\" decoding=\"async\" width=\"150\" height=\"150\" src=\"https:\/\/i0.wp.com\/prsheds.com\/wp-content\/uploads\/2018\/08\/telephone.png?resize=150%2C150&ssl=1\" class=\"vc_single_image-img attachment-thumbnail\" alt=\"\" title=\"telephone\" srcset=\"https:\/\/i0.wp.com\/prsheds.com\/wp-content\/uploads\/2018\/08\/telephone.png?resize=150%2C150&ssl=1 150w, https:\/\/i0.wp.com\/prsheds.com\/wp-content\/uploads\/2018\/08\/telephone.png?resize=300%2C300&ssl=1 300w, https:\/\/i0.wp.com\/prsheds.com\/wp-content\/uploads\/2018\/08\/telephone.png?resize=100%2C100&ssl=1 100w, https:\/\/i0.wp.com\/prsheds.com\/wp-content\/uploads\/2018\/08\/telephone.png?resize=12%2C12&ssl=1 12w, https:\/\/i0.wp.com\/prsheds.com\/wp-content\/uploads\/2018\/08\/telephone.png?resize=205%2C205&ssl=1 205w, https:\/\/i0.wp.com\/prsheds.com\/wp-content\/uploads\/2018\/08\/telephone.png?resize=420%2C420&ssl=1 420w, https:\/\/i0.wp.com\/prsheds.com\/wp-content\/uploads\/2018\/08\/telephone.png?w=512&ssl=1 512w\" sizes=\"(max-width: 150px) 100vw, 150px\" \/><\/div>\n\t\t<\/figure>\n\t<\/div>\n<p style=\"color: #000000;text-align: center\" class=\"vc_custom_heading text-with-bg-image wpb_animate_when_almost_visible wpb_fadeInUp fadeInUp\">(787)-685-2664<\/p><div id=\"1537253557874-1946527d-f6fd\" class=\"dt-sc-empty-space\"><\/div><\/div><\/div><\/div><\/div><\/div><\/div><\/div><\/div><div class=\"vc_row-full-width vc_clearfix\"><\/div><!-- Row Backgrounds --><div class=\"upb_bg_img\" data-ultimate-bg=\"url(https:\/\/prsheds.com\/wp-content\/uploads\/2018\/10\/intro-section-pattern.png)\" data-image-id=\"id^14736|url^https:\/\/prsheds.com\/wp-content\/uploads\/2018\/10\/intro-section-pattern.png|caption^null|alt^null|title^intro-section-pattern|description^null\" data-ultimate-bg-style=\"vcpb-default\" data-bg-img-repeat=\"repeat\" data-bg-img-size=\"initial\" data-bg-img-position=\"\" data-parallx_sense=\"30\" data-bg-override=\"0\" data-bg_img_attach=\"fixed\" data-upb-overlay-color=\"\" data-upb-bg-animation=\"\" data-fadeout=\"\" data-bg-animation=\"left-animation\" data-bg-animation-type=\"h\" data-animation-repeat=\"repeat\" data-fadeout-percentage=\"30\" data-parallax-content=\"\" data-parallax-content-sense=\"30\" data-row-effect-mobile-disable=\"true\" data-img-parallax-mobile-disable=\"true\" data-rtl=\"false\"  data-custom-vc-row=\"\"  data-vc=\"8.7.2\"  data-is_old_vc=\"\"  data-theme-support=\"\"   data-overlay=\"false\" data-overlay-color=\"\" data-overlay-pattern=\"\" data-overlay-pattern-opacity=\"\" data-overlay-pattern-size=\"\"    ><\/div><div class=\"vc_row wpb_row vc_row-fluid\"><div class=\"aligncenter wpb_column vc_column_container vc_col-sm-12\"><div class=\"vc_column-inner\"><div class=\"wpb_wrapper\"><div id=\"1537447625379-61e12b1e-22b4\" class=\"dt-sc-empty-space\"><\/div><div class='dt-sc-title with-image with-sub-title'><p><img data-recalc-dims=\"1\" decoding=\"async\" width=\"27\" height=\"27\" src=\"https:\/\/i0.wp.com\/prsheds.com\/wp-content\/uploads\/2018\/04\/title-img.png?resize=27%2C27&ssl=1\" class=\"attachment-full\" alt=\"\" title=\"title-img\" srcset=\"https:\/\/i0.wp.com\/prsheds.com\/wp-content\/uploads\/2018\/04\/title-img.png?w=27&ssl=1 27w, https:\/\/i0.wp.com\/prsheds.com\/wp-content\/uploads\/2018\/04\/title-img.png?resize=12%2C12&ssl=1 12w\" sizes=\"(max-width: 27px) 100vw, 27px\" \/><\/p><h2>Our services<\/h2><h3><\/h3><\/div><div class=\"vc_row wpb_row vc_inner vc_row-fluid\"><div class=\"wpb_column vc_column_container vc_col-sm-12\"><div class=\"vc_column-inner\"><div class=\"wpb_wrapper\">\n\t<div  class=\"wpb_single_image wpb_content_element vc_align_center wpb_content_element wpb_animate_when_almost_visible wpb_fadeIn fadeIn\">\n\t\t\n\t\t<figure class=\"wpb_wrapper vc_figure\">\n\t\t\t<div class=\"vc_single_image-wrapper   vc_box_border_grey\"><img data-recalc-dims=\"1\" fetchpriority=\"high\" decoding=\"async\" width=\"1920\" height=\"481\" src=\"https:\/\/i0.wp.com\/prsheds.com\/wp-content\/uploads\/2023\/09\/Installation5.jpg?resize=1920%2C481&ssl=1\" class=\"vc_single_image-img attachment-full\" alt=\"\" title=\"Installation5\" srcset=\"https:\/\/i0.wp.com\/prsheds.com\/wp-content\/uploads\/2023\/09\/Installation5.jpg?w=1920&ssl=1 1920w, https:\/\/i0.wp.com\/prsheds.com\/wp-content\/uploads\/2023\/09\/Installation5.jpg?resize=600%2C150&ssl=1 600w, https:\/\/i0.wp.com\/prsheds.com\/wp-content\/uploads\/2023\/09\/Installation5.jpg?resize=300%2C75&ssl=1 300w, https:\/\/i0.wp.com\/prsheds.com\/wp-content\/uploads\/2023\/09\/Installation5.jpg?resize=1024%2C257&ssl=1 1024w, https:\/\/i0.wp.com\/prsheds.com\/wp-content\/uploads\/2023\/09\/Installation5.jpg?resize=768%2C192&ssl=1 768w, https:\/\/i0.wp.com\/prsheds.com\/wp-content\/uploads\/2023\/09\/Installation5.jpg?resize=1536%2C385&ssl=1 1536w, https:\/\/i0.wp.com\/prsheds.com\/wp-content\/uploads\/2023\/09\/Installation5.jpg?resize=18%2C5&ssl=1 18w, https:\/\/i0.wp.com\/prsheds.com\/wp-content\/uploads\/2023\/09\/Installation5.jpg?resize=750%2C188&ssl=1 750w, https:\/\/i0.wp.com\/prsheds.com\/wp-content\/uploads\/2023\/09\/Installation5.jpg?resize=540%2C135&ssl=1 540w, https:\/\/i0.wp.com\/prsheds.com\/wp-content\/uploads\/2023\/09\/Installation5.jpg?resize=100%2C25&ssl=1 100w\" sizes=\"(max-width: 1000px) 100vw, 1000px\" \/><\/div>\n\t\t<\/figure>\n\t<\/div>\n\r\n\t<div class=\"wpb_text_column wpb_content_element  wpb_animate_when_almost_visible wpb_fadeIn fadeIn\" >\r\n\t\t<div class=\"wpb_wrapper\">\r\n\t\t\t<h3>Descubre nuestra exclusiva colecci\u00f3n de casitas de patio, \u00a0la soluci\u00f3n perfecta para maximizar tu espacio de almacenamiento en el hogar. Desde dise\u00f1os elegantes hasta funcionalidad duradera, encuentra la casita ideal que complementar\u00e1 tu estilo de vida. Organiza tu espacio exterior con nuestras opciones de alta calidad. \u00a1Explora ahora y transforma tu hogar con practicidad y estilo!<\/h3>\n<h3>Nuestro personal est\u00e1 preparado para realizar cuidadosas y limpias instalaciones en todos los modelos de nuestras casitas de patio, buscando siempre la completa satisfaci\u00f3n de nuestros clientes.<\/h3>\n\r\n\t\t<\/div>\r\n\t<\/div>\r\n<div id=\"1537447635925-4419ca32-0933\" class=\"dt-sc-empty-space\"><\/div><\/div><\/div><\/div><\/div><\/div><\/div><\/div><\/div><div data-vc-full-width=\"true\" data-vc-full-width-init=\"false\" class=\"vc_row wpb_row vc_row-fluid dt-sc-coupon-wrapper vc_custom_1695588349691 vc_row-has-fill\"><div class=\"aligncenter dt-sc-dark-bg wpb_column vc_column_container vc_col-sm-12\"><div class=\"vc_column-inner\"><div class=\"wpb_wrapper\"><div id=\"1534246265750-f09efe59-7ab8\" class=\"dt-sc-empty-space\"><\/div><div class='dt-sc-title with-image with-sub-title'><p><img data-recalc-dims=\"1\" decoding=\"async\" width=\"27\" height=\"27\" src=\"https:\/\/i0.wp.com\/prsheds.com\/wp-content\/uploads\/2018\/04\/title-img.png?resize=27%2C27&ssl=1\" class=\"attachment-full\" alt=\"\" title=\"title-img\" srcset=\"https:\/\/i0.wp.com\/prsheds.com\/wp-content\/uploads\/2018\/04\/title-img.png?w=27&ssl=1 27w, https:\/\/i0.wp.com\/prsheds.com\/wp-content\/uploads\/2018\/04\/title-img.png?resize=12%2C12&ssl=1 12w\" sizes=\"(max-width: 27px) 100vw, 27px\" \/><\/p><h2>OFFER<\/h2><h3><\/h3><\/div><div class=\"vc_row wpb_row vc_inner vc_row-fluid\"><div class=\"wpb_column vc_column_container vc_col-sm-3\"><div class=\"vc_column-inner\"><div class=\"wpb_wrapper\"><\/div><\/div><\/div><div class=\"wpb_column vc_column_container vc_col-sm-6\"><div class=\"vc_column-inner\"><div class=\"wpb_wrapper\">\r\n\t<div class=\"wpb_text_column wpb_content_element  wpb_animate_when_almost_visible wpb_bounceInUp bounceInUp\" >\r\n\t\t<div class=\"wpb_wrapper\">\r\n\t\t\t<div class=\"dt-sc-coupon\">\n<div class=\"dt-sc-coupon-header\">\n<div class=\"dt-sc-coupon-price\">\n<h1 style=\"text-align: center;\"><span style=\"color: #ff0000;\">30% Descuento<\/span><\/h1>\n<h3 style=\"text-align: center;\"><span style=\"color: #ff0000;\">\u00a0por tiempo limitado en ciertos modelos<\/span><\/h3>\n<h3 style=\"text-align: center;\"><\/h3>\n<\/div>\n<\/div>\n<\/div>\n\r\n\t\t<\/div>\r\n\t<\/div>\r\n<\/div><\/div><\/div><div class=\"wpb_column vc_column_container vc_col-sm-3 vc_hidden-xs\"><div class=\"vc_column-inner\"><div class=\"wpb_wrapper\"><\/div><\/div><\/div><\/div><\/div><\/div><\/div><\/div><div class=\"vc_row-full-width vc_clearfix\"><\/div><!-- Row Backgrounds --><div class=\"upb_bg_img\" data-ultimate-bg=\"url(https:\/\/prsheds.com\/wp-content\/uploads\/2023\/09\/Oferta.jpg)\" data-image-id=\"id^15674|url^https:\/\/prsheds.com\/wp-content\/uploads\/2023\/09\/Oferta.jpg|caption^null|alt^null|title^Oferta|description^null\" data-ultimate-bg-style=\"vcpb-default\" data-bg-img-repeat=\"repeat\" data-bg-img-size=\"cover\" data-bg-img-position=\"\" data-parallx_sense=\"30\" data-bg-override=\"0\" data-bg_img_attach=\"fixed\" data-upb-overlay-color=\"\" data-upb-bg-animation=\"\" data-fadeout=\"fadeout_row_value\" data-bg-animation=\"left-animation\" data-bg-animation-type=\"h\" data-animation-repeat=\"repeat\" data-fadeout-percentage=\"30\" data-parallax-content=\"parallax_content_value\" data-parallax-content-sense=\"30\" data-row-effect-mobile-disable=\"true\" data-img-parallax-mobile-disable=\"true\" data-rtl=\"false\"  data-custom-vc-row=\"\"  data-vc=\"8.7.2\"  data-is_old_vc=\"\"  data-theme-support=\"\"   data-overlay=\"false\" data-overlay-color=\"\" data-overlay-pattern=\"\" data-overlay-pattern-opacity=\"\" data-overlay-pattern-size=\"\"    ><\/div>\n<\/div>","protected":false},"excerpt":{"rendered":"<p>AQUI ESTA TU CASITA DE PATIO DE PRSHEDS LLC Danos una llamada y contestaremos todas tus preguntas (787)-685-2664Nuestros Servicios Descubre nuestra exclusiva colecci\u00f3n de casitas de patio, \u00a0la soluci\u00f3n perfecta para maximizar tu espacio de almacenamiento en el hogar. Desde dise\u00f1os elegantes hasta funcionalidad duradera, encuentra la casita ideal que complementar\u00e1 tu estilo de vida. [&hellip;]<\/p>\n","protected":false},"author":1,"featured_media":0,"parent":0,"menu_order":0,"comment_status":"closed","ping_status":"closed","template":"","meta":{"_coblocks_attr":"","_coblocks_dimensions":"","_coblocks_responsive_height":"","_coblocks_accordion_ie_support":"","rs_blank_template":"","rs_page_bg_color":"","slide_template_v7":"","_themeisle_gutenberg_block_has_review":false,"footnotes":""},"class_list":["post-15515","page","type-page","status-publish","hentry"],"yoast_head":"<!-- This site is optimized with the Yoast SEO plugin v27.5 - https:\/\/yoast.com\/product\/yoast-seo-wordpress\/ -->\n<title>Casitas de Patio de almacenamiento prsheds.com<\/title>\n<meta name=\"description\" content=\"Descubre la soluci\u00f3n perfecta para tus necesidades de almacenamiento en el hogar con nuestra amplia variedad de casitas de patio.\" \/>\n<meta name=\"robots\" content=\"index, follow, max-snippet:-1, max-image-preview:large, max-video-preview:-1\" \/>\n<link rel=\"canonical\" href=\"https:\/\/prsheds.com\/en\/\" \/>\n<meta property=\"og:locale\" content=\"en_US\" \/>\n<meta property=\"og:type\" content=\"article\" \/>\n<meta property=\"og:title\" content=\"Casitas de Patio de almacenamiento prsheds.com\" \/>\n<meta property=\"og:description\" content=\"Descubre la soluci\u00f3n perfecta para tus necesidades de almacenamiento en el hogar con nuestra amplia variedad de casitas de patio.\" \/>\n<meta property=\"og:url\" content=\"https:\/\/prsheds.com\/en\/\" \/>\n<meta property=\"og:site_name\" content=\"prsheds.com\" \/>\n<meta property=\"article:modified_time\" content=\"2025-09-07T22:10:02+00:00\" \/>\n<meta name=\"twitter:card\" content=\"summary_large_image\" \/>\n<meta name=\"twitter:label1\" content=\"Est. reading time\" \/>\n\t<meta name=\"twitter:data1\" content=\"2 minutes\" \/>\n<script type=\"application\/ld+json\" class=\"yoast-schema-graph\">{\"@context\":\"https:\\\/\\\/schema.org\",\"@graph\":[{\"@type\":\"WebPage\",\"@id\":\"https:\\\/\\\/prsheds.com\\\/\",\"url\":\"https:\\\/\\\/prsheds.com\\\/\",\"name\":\"Casitas de Patio de almacenamiento prsheds.com\",\"isPartOf\":{\"@id\":\"https:\\\/\\\/prsheds.com\\\/#website\"},\"datePublished\":\"2021-08-05T08:10:19+00:00\",\"dateModified\":\"2025-09-07T22:10:02+00:00\",\"description\":\"Descubre la soluci\u00f3n perfecta para tus necesidades de almacenamiento en el hogar con nuestra amplia variedad de casitas de patio.\",\"breadcrumb\":{\"@id\":\"https:\\\/\\\/prsheds.com\\\/#breadcrumb\"},\"inLanguage\":\"en-US\",\"potentialAction\":[{\"@type\":\"ReadAction\",\"target\":[\"https:\\\/\\\/prsheds.com\\\/\"]}]},{\"@type\":\"BreadcrumbList\",\"@id\":\"https:\\\/\\\/prsheds.com\\\/#breadcrumb\",\"itemListElement\":[{\"@type\":\"ListItem\",\"position\":1,\"name\":\"Home\",\"item\":\"https:\\\/\\\/prsheds.com\\\/\"},{\"@type\":\"ListItem\",\"position\":2,\"name\":\"Bienvenidos\"}]},{\"@type\":\"WebSite\",\"@id\":\"https:\\\/\\\/prsheds.com\\\/#website\",\"url\":\"https:\\\/\\\/prsheds.com\\\/\",\"name\":\"prsheds.com\",\"description\":\"prsheds.com\",\"potentialAction\":[{\"@type\":\"SearchAction\",\"target\":{\"@type\":\"EntryPoint\",\"urlTemplate\":\"https:\\\/\\\/prsheds.com\\\/?s={search_term_string}\"},\"query-input\":{\"@type\":\"PropertyValueSpecification\",\"valueRequired\":true,\"valueName\":\"search_term_string\"}}],\"inLanguage\":\"en-US\"}]}<\/script>\n<!-- \/ Yoast SEO plugin. -->","yoast_head_json":{"title":"Casitas de Patio de almacenamiento prsheds.com","description":"Descubre la soluci\u00f3n perfecta para tus necesidades de almacenamiento en el hogar con nuestra amplia variedad de casitas de patio.","robots":{"index":"index","follow":"follow","max-snippet":"max-snippet:-1","max-image-preview":"max-image-preview:large","max-video-preview":"max-video-preview:-1"},"canonical":"https:\/\/prsheds.com\/en\/","og_locale":"en_US","og_type":"article","og_title":"Casitas de Patio de almacenamiento prsheds.com","og_description":"Descubre la soluci\u00f3n perfecta para tus necesidades de almacenamiento en el hogar con nuestra amplia variedad de casitas de patio.","og_url":"https:\/\/prsheds.com\/en\/","og_site_name":"prsheds.com","article_modified_time":"2025-09-07T22:10:02+00:00","twitter_card":"summary_large_image","twitter_misc":{"Est. reading time":"2 minutes"},"schema":{"@context":"https:\/\/schema.org","@graph":[{"@type":"WebPage","@id":"https:\/\/prsheds.com\/","url":"https:\/\/prsheds.com\/","name":"Casitas de Patio de almacenamiento prsheds.com","isPartOf":{"@id":"https:\/\/prsheds.com\/#website"},"datePublished":"2021-08-05T08:10:19+00:00","dateModified":"2025-09-07T22:10:02+00:00","description":"Descubre la soluci\u00f3n perfecta para tus necesidades de almacenamiento en el hogar con nuestra amplia variedad de casitas de patio.","breadcrumb":{"@id":"https:\/\/prsheds.com\/#breadcrumb"},"inLanguage":"en-US","potentialAction":[{"@type":"ReadAction","target":["https:\/\/prsheds.com\/"]}]},{"@type":"BreadcrumbList","@id":"https:\/\/prsheds.com\/#breadcrumb","itemListElement":[{"@type":"ListItem","position":1,"name":"Home","item":"https:\/\/prsheds.com\/"},{"@type":"ListItem","position":2,"name":"Bienvenidos"}]},{"@type":"WebSite","@id":"https:\/\/prsheds.com\/#website","url":"https:\/\/prsheds.com\/","name":"prsheds.com","description":"prsheds.com","potentialAction":[{"@type":"SearchAction","target":{"@type":"EntryPoint","urlTemplate":"https:\/\/prsheds.com\/?s={search_term_string}"},"query-input":{"@type":"PropertyValueSpecification","valueRequired":true,"valueName":"search_term_string"}}],"inLanguage":"en-US"}]}},"jetpack_sharing_enabled":true,"brizy_media":[],"_links":{"self":[{"href":"https:\/\/prsheds.com\/en\/wp-json\/wp\/v2\/pages\/15515","targetHints":{"allow":["GET"]}}],"collection":[{"href":"https:\/\/prsheds.com\/en\/wp-json\/wp\/v2\/pages"}],"about":[{"href":"https:\/\/prsheds.com\/en\/wp-json\/wp\/v2\/types\/page"}],"author":[{"embeddable":true,"href":"https:\/\/prsheds.com\/en\/wp-json\/wp\/v2\/users\/1"}],"replies":[{"embeddable":true,"href":"https:\/\/prsheds.com\/en\/wp-json\/wp\/v2\/comments?post=15515"}],"version-history":[{"count":112,"href":"https:\/\/prsheds.com\/en\/wp-json\/wp\/v2\/pages\/15515\/revisions"}],"predecessor-version":[{"id":16171,"href":"https:\/\/prsheds.com\/en\/wp-json\/wp\/v2\/pages\/15515\/revisions\/16171"}],"wp:attachment":[{"href":"https:\/\/prsheds.com\/en\/wp-json\/wp\/v2\/media?parent=15515"}],"curies":[{"name":"wp","href":"https:\/\/api.w.org\/{rel}","templated":true}]}}